{"id":33358,"date":"2022-03-06T08:30:57","date_gmt":"2022-04-14T07:16:40","guid":{"rendered":"https:\/\/gymperformance.ch\/product\/gymperformance-lifting-straps\/"},"modified":"2022-04-14T07:16:40","modified_gmt":"2022-04-14T07:16:40","slug":"gymperformance-lifting-straps-2","status":"publish","type":"product","link":"https:\/\/gymperformance.ch\/en\/product\/gymperformance-lifting-straps-2\/","title":{"rendered":"GymPerformance Lifting Straps"},"content":{"rendered":"<p><strong>Does your training plan include deadlifts or heavy rows with dumbbells and barbells? With heavy weights, the grip strength is often too weak, the hands open up an the weights falls to the ground. The exercise must then be stopped, although the actual target muscle (the back muscles) is far from exhausted. This is exactly where the lifting straps from GymPerformance come to play; they help to keep the weight firmly in hand without the weight slipping off due to lack of grip strength.<\/strong><\/p>\n<p>Use Case Martin:<br \/>\nDeadlifts without lifting straps: about 120 kg for 5 repetitions, more is not possible because my grip strength decreases and the dumbbell slips out of my hand<br \/>\nDeadlifts WITH lifting straps: 180 kg for 5 reps<\/p>\n<p>Use Case Gabriella:<br \/>\nDeadlifts without lifting straps: 45 kg for 8 reps<br \/>\nDeadlifts WITH lifting straps: 75 kg for 6 reps<\/p>\n<p>By using lifting aids, the weight can no longer slip out of your hand during all pulling exercises. Thus enable<br \/>\nlifting straps improved grip strength to handle more repetitions and heavier weights. This in turn leads to higher muscle fiber activation and better muscle stimulation. Muscle growth is accelerated! Because the forearm and wrist are relieved, this often automatically leads to better execution of the exercise.<br \/>\nPulling aids are inexpensive to purchase, usually have a long service life and are easy to transport.<\/p>\n<p>The aids are suitable for regular gym workouts as well as home workouts. Basically everywhere where dumbbells are used.<\/p>\n<p>Attention: It is recommended to only use the lifting straps for specific exercises where a lot of weight is used. If you use the lifting streps for every exercise, the forearm and finger strength are no longer trained &#8211; which is not the goal. I personally use them for deadlifts, dumbbell and barbell rows, and walkung lunges with dumbbells.<\/p>\n<span class=\"et_bloom_bottom_trigger\"><\/span>","protected":false},"excerpt":{"rendered":"<p>Does your training plan include deadlifts or heavy rows with dumbbells and barbells? With heavy weights, the grip strength is often too weak, the hands open up an the weights falls to the ground. The exercise must then be stopped, although the actual target muscle (the back muscles) is far from exhausted. This is exactly [&hellip;]<\/p>\n","protected":false},"featured_media":33308,"comment_status":"open","ping_status":"closed","template":"","meta":{"_et_pb_use_builder":"","_et_pb_old_content":"","_et_gb_content_width":""},"product_cat":[269],"product_tag":[271,270],"yoast_head":"<!-- This site is optimized with the Yoast SEO plugin v24.5 - https:\/\/yoast.com\/wordpress\/plugins\/seo\/ -->\n<title>GymPerformance Lifting Straps - GymPerformance<\/title>\n<meta name=\"description\" content=\"By using lifting straps, the weight can no longer slip out of your hand. As a result, they enable you to handle more repetitions and heavier weights through improved grip strength.\" \/>\n<meta name=\"robots\" content=\"index, follow, max-snippet:-1, max-image-preview:large, max-video-preview:-1\" \/>\n<link rel=\"canonical\" href=\"https:\/\/gymperformance.ch\/en\/product\/gymperformance-lifting-straps\/\" \/>\n<meta property=\"og:locale\" content=\"en_US\" \/>\n<meta property=\"og:type\" content=\"article\" \/>\n<meta property=\"og:title\" content=\"GymPerformance Lifting Straps - GymPerformance\" \/>\n<meta property=\"og:description\" content=\"By using lifting straps, the weight can no longer slip out of your hand. As a result, they enable you to handle more repetitions and heavier weights through improved grip strength.\" \/>\n<meta property=\"og:url\" content=\"https:\/\/gymperformance.ch\/en\/product\/gymperformance-lifting-straps\/\" \/>\n<meta property=\"og:site_name\" content=\"GymPerformance\" \/>\n<meta property=\"article:publisher\" content=\"https:\/\/www.facebook.com\/GymPerf\/\" \/>\n<meta property=\"og:image\" content=\"https:\/\/gymperformance.ch\/wp-content\/uploads\/2022\/03\/IMG_7541-scaled.jpg\" \/>\n\t<meta property=\"og:image:width\" content=\"1920\" \/>\n\t<meta property=\"og:image:height\" content=\"2560\" \/>\n\t<meta property=\"og:image:type\" content=\"image\/jpeg\" \/>\n<meta name=\"twitter:label1\" content=\"Est. reading time\" \/>\n\t<meta name=\"twitter:data1\" content=\"1 minute\" \/>\n<script type=\"application\/ld+json\" class=\"yoast-schema-graph\">{\"@context\":\"https:\/\/schema.org\",\"@graph\":[{\"@type\":\"WebPage\",\"@id\":\"https:\/\/gymperformance.ch\/en\/product\/gymperformance-lifting-straps\/\",\"url\":\"https:\/\/gymperformance.ch\/en\/product\/gymperformance-lifting-straps\/\",\"name\":\"GymPerformance Lifting Straps - GymPerformance\",\"isPartOf\":{\"@id\":\"https:\/\/gymperformance.ch\/#website\"},\"primaryImageOfPage\":{\"@id\":\"https:\/\/gymperformance.ch\/en\/product\/gymperformance-lifting-straps\/#primaryimage\"},\"image\":{\"@id\":\"https:\/\/gymperformance.ch\/en\/product\/gymperformance-lifting-straps\/#primaryimage\"},\"thumbnailUrl\":\"https:\/\/gymperformance.ch\/wp-content\/uploads\/2022\/03\/IMG_7541-scaled.jpg\",\"datePublished\":\"2022-04-14T07:16:40+00:00\",\"description\":\"By using lifting straps, the weight can no longer slip out of your hand. As a result, they enable you to handle more repetitions and heavier weights through improved grip strength.\",\"breadcrumb\":{\"@id\":\"https:\/\/gymperformance.ch\/en\/product\/gymperformance-lifting-straps\/#breadcrumb\"},\"inLanguage\":\"en-US\",\"potentialAction\":[{\"@type\":\"ReadAction\",\"target\":[\"https:\/\/gymperformance.ch\/en\/product\/gymperformance-lifting-straps\/\"]}]},{\"@type\":\"ImageObject\",\"inLanguage\":\"en-US\",\"@id\":\"https:\/\/gymperformance.ch\/en\/product\/gymperformance-lifting-straps\/#primaryimage\",\"url\":\"https:\/\/gymperformance.ch\/wp-content\/uploads\/2022\/03\/IMG_7541-scaled.jpg\",\"contentUrl\":\"https:\/\/gymperformance.ch\/wp-content\/uploads\/2022\/03\/IMG_7541-scaled.jpg\",\"width\":1920,\"height\":2560,\"caption\":\"GymPerformnace Lifting Straps\"},{\"@type\":\"BreadcrumbList\",\"@id\":\"https:\/\/gymperformance.ch\/en\/product\/gymperformance-lifting-straps\/#breadcrumb\",\"itemListElement\":[{\"@type\":\"ListItem\",\"position\":1,\"name\":\"Home\",\"item\":\"https:\/\/gymperformance.ch\/en\/entrepreneur\/\"},{\"@type\":\"ListItem\",\"position\":2,\"name\":\"Shop\",\"item\":\"https:\/\/gymperformance.ch\/en\/shop\/\"},{\"@type\":\"ListItem\",\"position\":3,\"name\":\"GymPerformance Lifting Straps\"}]},{\"@type\":\"WebSite\",\"@id\":\"https:\/\/gymperformance.ch\/#website\",\"url\":\"https:\/\/gymperformance.ch\/\",\"name\":\"GymPerformance\",\"description\":\"| Online Fitness f\u00fcr F\u00fchrungskr\u00e4fte und V\u00e4ter\",\"publisher\":{\"@id\":\"https:\/\/gymperformance.ch\/#organization\"},\"alternateName\":\"Fitness f\u00fcr Unternehmer und vielbesch\u00e4ftigte V\u00e4ter\",\"potentialAction\":[{\"@type\":\"SearchAction\",\"target\":{\"@type\":\"EntryPoint\",\"urlTemplate\":\"https:\/\/gymperformance.ch\/?s={search_term_string}\"},\"query-input\":{\"@type\":\"PropertyValueSpecification\",\"valueRequired\":true,\"valueName\":\"search_term_string\"}}],\"inLanguage\":\"en-US\"},{\"@type\":\"Organization\",\"@id\":\"https:\/\/gymperformance.ch\/#organization\",\"name\":\"GymPerformance\",\"alternateName\":\"Martin Bl\u00e4ttler\",\"url\":\"https:\/\/gymperformance.ch\/\",\"logo\":{\"@type\":\"ImageObject\",\"inLanguage\":\"en-US\",\"@id\":\"https:\/\/gymperformance.ch\/#\/schema\/logo\/image\/\",\"url\":\"https:\/\/gymperformance.ch\/wp-content\/uploads\/2022\/02\/GYM_PERFORMANCE_LOGO_BLACK.png\",\"contentUrl\":\"https:\/\/gymperformance.ch\/wp-content\/uploads\/2022\/02\/GYM_PERFORMANCE_LOGO_BLACK.png\",\"width\":1770,\"height\":299,\"caption\":\"GymPerformance\"},\"image\":{\"@id\":\"https:\/\/gymperformance.ch\/#\/schema\/logo\/image\/\"},\"sameAs\":[\"https:\/\/www.facebook.com\/GymPerf\/\",\"https:\/\/x.com\/blaettlermartin\",\"https:\/\/www.instagram.com\/gymperformance\/\",\"https:\/\/www.linkedin.com\/in\/martinblaettler\/\",\"https:\/\/www.pinterest.com\/blaettlermartin\/\",\"https:\/\/twitter.com\/blaettlermartin\",\"https:\/\/www.youtube.com\/@GymPerformance\/\"]}]}<\/script>\n<!-- \/ Yoast SEO plugin. -->","yoast_head_json":{"title":"GymPerformance Lifting Straps - GymPerformance","description":"By using lifting straps, the weight can no longer slip out of your hand. As a result, they enable you to handle more repetitions and heavier weights through improved grip strength.","robots":{"index":"index","follow":"follow","max-snippet":"max-snippet:-1","max-image-preview":"max-image-preview:large","max-video-preview":"max-video-preview:-1"},"canonical":"https:\/\/gymperformance.ch\/en\/product\/gymperformance-lifting-straps\/","og_locale":"en_US","og_type":"article","og_title":"GymPerformance Lifting Straps - GymPerformance","og_description":"By using lifting straps, the weight can no longer slip out of your hand. As a result, they enable you to handle more repetitions and heavier weights through improved grip strength.","og_url":"https:\/\/gymperformance.ch\/en\/product\/gymperformance-lifting-straps\/","og_site_name":"GymPerformance","article_publisher":"https:\/\/www.facebook.com\/GymPerf\/","og_image":[{"width":1920,"height":2560,"url":"https:\/\/gymperformance.ch\/wp-content\/uploads\/2022\/03\/IMG_7541-scaled.jpg","type":"image\/jpeg"}],"twitter_misc":{"Est. reading time":"1 minute"},"schema":{"@context":"https:\/\/schema.org","@graph":[{"@type":"WebPage","@id":"https:\/\/gymperformance.ch\/en\/product\/gymperformance-lifting-straps\/","url":"https:\/\/gymperformance.ch\/en\/product\/gymperformance-lifting-straps\/","name":"GymPerformance Lifting Straps - GymPerformance","isPartOf":{"@id":"https:\/\/gymperformance.ch\/#website"},"primaryImageOfPage":{"@id":"https:\/\/gymperformance.ch\/en\/product\/gymperformance-lifting-straps\/#primaryimage"},"image":{"@id":"https:\/\/gymperformance.ch\/en\/product\/gymperformance-lifting-straps\/#primaryimage"},"thumbnailUrl":"https:\/\/gymperformance.ch\/wp-content\/uploads\/2022\/03\/IMG_7541-scaled.jpg","datePublished":"2022-04-14T07:16:40+00:00","description":"By using lifting straps, the weight can no longer slip out of your hand. As a result, they enable you to handle more repetitions and heavier weights through improved grip strength.","breadcrumb":{"@id":"https:\/\/gymperformance.ch\/en\/product\/gymperformance-lifting-straps\/#breadcrumb"},"inLanguage":"en-US","potentialAction":[{"@type":"ReadAction","target":["https:\/\/gymperformance.ch\/en\/product\/gymperformance-lifting-straps\/"]}]},{"@type":"ImageObject","inLanguage":"en-US","@id":"https:\/\/gymperformance.ch\/en\/product\/gymperformance-lifting-straps\/#primaryimage","url":"https:\/\/gymperformance.ch\/wp-content\/uploads\/2022\/03\/IMG_7541-scaled.jpg","contentUrl":"https:\/\/gymperformance.ch\/wp-content\/uploads\/2022\/03\/IMG_7541-scaled.jpg","width":1920,"height":2560,"caption":"GymPerformnace Lifting Straps"},{"@type":"BreadcrumbList","@id":"https:\/\/gymperformance.ch\/en\/product\/gymperformance-lifting-straps\/#breadcrumb","itemListElement":[{"@type":"ListItem","position":1,"name":"Home","item":"https:\/\/gymperformance.ch\/en\/entrepreneur\/"},{"@type":"ListItem","position":2,"name":"Shop","item":"https:\/\/gymperformance.ch\/en\/shop\/"},{"@type":"ListItem","position":3,"name":"GymPerformance Lifting Straps"}]},{"@type":"WebSite","@id":"https:\/\/gymperformance.ch\/#website","url":"https:\/\/gymperformance.ch\/","name":"GymPerformance","description":"| Online Fitness f\u00fcr F\u00fchrungskr\u00e4fte und V\u00e4ter","publisher":{"@id":"https:\/\/gymperformance.ch\/#organization"},"alternateName":"Fitness f\u00fcr Unternehmer und vielbesch\u00e4ftigte V\u00e4ter","potentialAction":[{"@type":"SearchAction","target":{"@type":"EntryPoint","urlTemplate":"https:\/\/gymperformance.ch\/?s={search_term_string}"},"query-input":{"@type":"PropertyValueSpecification","valueRequired":true,"valueName":"search_term_string"}}],"inLanguage":"en-US"},{"@type":"Organization","@id":"https:\/\/gymperformance.ch\/#organization","name":"GymPerformance","alternateName":"Martin Bl\u00e4ttler","url":"https:\/\/gymperformance.ch\/","logo":{"@type":"ImageObject","inLanguage":"en-US","@id":"https:\/\/gymperformance.ch\/#\/schema\/logo\/image\/","url":"https:\/\/gymperformance.ch\/wp-content\/uploads\/2022\/02\/GYM_PERFORMANCE_LOGO_BLACK.png","contentUrl":"https:\/\/gymperformance.ch\/wp-content\/uploads\/2022\/02\/GYM_PERFORMANCE_LOGO_BLACK.png","width":1770,"height":299,"caption":"GymPerformance"},"image":{"@id":"https:\/\/gymperformance.ch\/#\/schema\/logo\/image\/"},"sameAs":["https:\/\/www.facebook.com\/GymPerf\/","https:\/\/x.com\/blaettlermartin","https:\/\/www.instagram.com\/gymperformance\/","https:\/\/www.linkedin.com\/in\/martinblaettler\/","https:\/\/www.pinterest.com\/blaettlermartin\/","https:\/\/twitter.com\/blaettlermartin","https:\/\/www.youtube.com\/@GymPerformance\/"]}]}},"_links":{"self":[{"href":"https:\/\/gymperformance.ch\/en\/wp-json\/wp\/v2\/product\/33358"}],"collection":[{"href":"https:\/\/gymperformance.ch\/en\/wp-json\/wp\/v2\/product"}],"about":[{"href":"https:\/\/gymperformance.ch\/en\/wp-json\/wp\/v2\/types\/product"}],"replies":[{"embeddable":true,"href":"https:\/\/gymperformance.ch\/en\/wp-json\/wp\/v2\/comments?post=33358"}],"wp:featuredmedia":[{"embeddable":true,"href":"https:\/\/gymperformance.ch\/en\/wp-json\/wp\/v2\/media\/33308"}],"wp:attachment":[{"href":"https:\/\/gymperformance.ch\/en\/wp-json\/wp\/v2\/media?parent=33358"}],"wp:term":[{"taxonomy":"product_cat","embeddable":true,"href":"https:\/\/gymperformance.ch\/en\/wp-json\/wp\/v2\/product_cat?post=33358"},{"taxonomy":"product_tag","embeddable":true,"href":"https:\/\/gymperformance.ch\/en\/wp-json\/wp\/v2\/product_tag?post=33358"}],"curies":[{"name":"wp","href":"https:\/\/api.w.org\/{rel}","templated":true}]}}