{"id":29891,"date":"2019-06-13T04:57:48","date_gmt":"2019-06-13T04:57:48","guid":{"rendered":"https:\/\/gymperformance.ch\/produkt\/tanktop-fit-dad\/"},"modified":"2025-03-01T11:07:34","modified_gmt":"2025-03-01T11:07:34","slug":"tanktop-fit-dad","status":"publish","type":"product","link":"https:\/\/gymperformance.ch\/en\/product\/tanktop-fit-dad\/","title":{"rendered":"Tanktop | Fit Dad | Yoshi"},"content":{"rendered":"<p>This unisex tank top boasts a nice drape, which is ideal for layering or dealing with the summer heat. In true American Apparel style, the tank top is extremely smooth and soft, and has reinforced smooth arm and head holes, guaranteeing that this is the comfiest tank top you&#8217;ll ever own.<br \/>\n\u2022 100% fine jersey (heather colors contain 10% polyester)<br \/>\n\u2022 Banded arm and head holes<br \/>\n\u2022 Made in the USA, sweatshop free<\/p>\n<span class=\"et_bloom_bottom_trigger\"><\/span>","protected":false},"excerpt":{"rendered":"<p>This unisex tank top boasts a nice drape, which is ideal for layering or dealing with the summer heat. In true American Apparel style, the tank top is extremely smooth and soft, and has reinforced smooth arm and head holes, guaranteeing that this is the comfiest tank top you&#8217;ll ever own. \u2022 100% fine jersey [&hellip;]<\/p>\n","protected":false},"featured_media":29903,"comment_status":"open","ping_status":"closed","template":"","meta":{"_et_pb_use_builder":"","_et_pb_old_content":"","_et_gb_content_width":""},"product_cat":[243],"product_tag":[244],"yoast_head":"<!-- This site is optimized with the Yoast SEO plugin v24.5 - https:\/\/yoast.com\/wordpress\/plugins\/seo\/ -->\n<title>Tanktop | Fit Dad | Yoshi - GymPerformance<\/title>\n<meta name=\"robots\" content=\"index, follow, max-snippet:-1, max-image-preview:large, max-video-preview:-1\" \/>\n<link rel=\"canonical\" href=\"https:\/\/gymperformance.ch\/en\/product\/tanktop-fit-dad\/\" \/>\n<meta property=\"og:locale\" content=\"en_US\" \/>\n<meta property=\"og:type\" content=\"article\" \/>\n<meta property=\"og:title\" content=\"Tanktop | Fit Dad | Yoshi - GymPerformance\" \/>\n<meta property=\"og:description\" content=\"This unisex tank top boasts a nice drape, which is ideal for layering or dealing with the summer heat. In true American Apparel style, the tank top is extremely smooth and soft, and has reinforced smooth arm and head holes, guaranteeing that this is the comfiest tank top you&#8217;ll ever own. \u2022 100% fine jersey [&hellip;]\" \/>\n<meta property=\"og:url\" content=\"https:\/\/gymperformance.ch\/en\/product\/tanktop-fit-dad\/\" \/>\n<meta property=\"og:site_name\" content=\"GymPerformance\" \/>\n<meta property=\"article:publisher\" content=\"https:\/\/www.facebook.com\/GymPerf\/\" \/>\n<meta property=\"article:modified_time\" content=\"2025-03-01T11:07:34+00:00\" \/>\n<meta property=\"og:image\" content=\"https:\/\/gymperformance.ch\/wp-content\/uploads\/2019\/06\/mockup-0b2c97df.jpg\" \/>\n\t<meta property=\"og:image:width\" content=\"1000\" \/>\n\t<meta property=\"og:image:height\" content=\"1000\" \/>\n\t<meta property=\"og:image:type\" content=\"image\/jpeg\" \/>\n<script type=\"application\/ld+json\" class=\"yoast-schema-graph\">{\"@context\":\"https:\/\/schema.org\",\"@graph\":[{\"@type\":\"WebPage\",\"@id\":\"https:\/\/gymperformance.ch\/en\/product\/tanktop-fit-dad\/\",\"url\":\"https:\/\/gymperformance.ch\/en\/product\/tanktop-fit-dad\/\",\"name\":\"Tanktop | Fit Dad | Yoshi - GymPerformance\",\"isPartOf\":{\"@id\":\"https:\/\/gymperformance.ch\/#website\"},\"primaryImageOfPage\":{\"@id\":\"https:\/\/gymperformance.ch\/en\/product\/tanktop-fit-dad\/#primaryimage\"},\"image\":{\"@id\":\"https:\/\/gymperformance.ch\/en\/product\/tanktop-fit-dad\/#primaryimage\"},\"thumbnailUrl\":\"https:\/\/gymperformance.ch\/wp-content\/uploads\/2019\/06\/mockup-0b2c97df.jpg\",\"datePublished\":\"2019-06-13T04:57:48+00:00\",\"dateModified\":\"2025-03-01T11:07:34+00:00\",\"breadcrumb\":{\"@id\":\"https:\/\/gymperformance.ch\/en\/product\/tanktop-fit-dad\/#breadcrumb\"},\"inLanguage\":\"en-US\",\"potentialAction\":[{\"@type\":\"ReadAction\",\"target\":[\"https:\/\/gymperformance.ch\/en\/product\/tanktop-fit-dad\/\"]}]},{\"@type\":\"ImageObject\",\"inLanguage\":\"en-US\",\"@id\":\"https:\/\/gymperformance.ch\/en\/product\/tanktop-fit-dad\/#primaryimage\",\"url\":\"https:\/\/gymperformance.ch\/wp-content\/uploads\/2019\/06\/mockup-0b2c97df.jpg\",\"contentUrl\":\"https:\/\/gymperformance.ch\/wp-content\/uploads\/2019\/06\/mockup-0b2c97df.jpg\",\"width\":1000,\"height\":1000},{\"@type\":\"BreadcrumbList\",\"@id\":\"https:\/\/gymperformance.ch\/en\/product\/tanktop-fit-dad\/#breadcrumb\",\"itemListElement\":[{\"@type\":\"ListItem\",\"position\":1,\"name\":\"Home\",\"item\":\"https:\/\/gymperformance.ch\/en\/entrepreneur\/\"},{\"@type\":\"ListItem\",\"position\":2,\"name\":\"Shop\",\"item\":\"https:\/\/gymperformance.ch\/en\/shop\/\"},{\"@type\":\"ListItem\",\"position\":3,\"name\":\"Tanktop | Fit Dad | Yoshi\"}]},{\"@type\":\"WebSite\",\"@id\":\"https:\/\/gymperformance.ch\/#website\",\"url\":\"https:\/\/gymperformance.ch\/\",\"name\":\"GymPerformance\",\"description\":\"| Online Fitness f\u00fcr F\u00fchrungskr\u00e4fte und V\u00e4ter\",\"publisher\":{\"@id\":\"https:\/\/gymperformance.ch\/#organization\"},\"alternateName\":\"Fitness f\u00fcr Unternehmer und vielbesch\u00e4ftigte V\u00e4ter\",\"potentialAction\":[{\"@type\":\"SearchAction\",\"target\":{\"@type\":\"EntryPoint\",\"urlTemplate\":\"https:\/\/gymperformance.ch\/?s={search_term_string}\"},\"query-input\":{\"@type\":\"PropertyValueSpecification\",\"valueRequired\":true,\"valueName\":\"search_term_string\"}}],\"inLanguage\":\"en-US\"},{\"@type\":\"Organization\",\"@id\":\"https:\/\/gymperformance.ch\/#organization\",\"name\":\"GymPerformance\",\"alternateName\":\"Martin Bl\u00e4ttler\",\"url\":\"https:\/\/gymperformance.ch\/\",\"logo\":{\"@type\":\"ImageObject\",\"inLanguage\":\"en-US\",\"@id\":\"https:\/\/gymperformance.ch\/#\/schema\/logo\/image\/\",\"url\":\"https:\/\/gymperformance.ch\/wp-content\/uploads\/2022\/02\/GYM_PERFORMANCE_LOGO_BLACK.png\",\"contentUrl\":\"https:\/\/gymperformance.ch\/wp-content\/uploads\/2022\/02\/GYM_PERFORMANCE_LOGO_BLACK.png\",\"width\":1770,\"height\":299,\"caption\":\"GymPerformance\"},\"image\":{\"@id\":\"https:\/\/gymperformance.ch\/#\/schema\/logo\/image\/\"},\"sameAs\":[\"https:\/\/www.facebook.com\/GymPerf\/\",\"https:\/\/x.com\/blaettlermartin\",\"https:\/\/www.instagram.com\/gymperformance\/\",\"https:\/\/www.linkedin.com\/in\/martinblaettler\/\",\"https:\/\/www.pinterest.com\/blaettlermartin\/\",\"https:\/\/twitter.com\/blaettlermartin\",\"https:\/\/www.youtube.com\/@GymPerformance\/\"]}]}<\/script>\n<!-- \/ Yoast SEO plugin. -->","yoast_head_json":{"title":"Tanktop | Fit Dad | Yoshi - GymPerformance","robots":{"index":"index","follow":"follow","max-snippet":"max-snippet:-1","max-image-preview":"max-image-preview:large","max-video-preview":"max-video-preview:-1"},"canonical":"https:\/\/gymperformance.ch\/en\/product\/tanktop-fit-dad\/","og_locale":"en_US","og_type":"article","og_title":"Tanktop | Fit Dad | Yoshi - GymPerformance","og_description":"This unisex tank top boasts a nice drape, which is ideal for layering or dealing with the summer heat. In true American Apparel style, the tank top is extremely smooth and soft, and has reinforced smooth arm and head holes, guaranteeing that this is the comfiest tank top you&#8217;ll ever own. \u2022 100% fine jersey [&hellip;]","og_url":"https:\/\/gymperformance.ch\/en\/product\/tanktop-fit-dad\/","og_site_name":"GymPerformance","article_publisher":"https:\/\/www.facebook.com\/GymPerf\/","article_modified_time":"2025-03-01T11:07:34+00:00","og_image":[{"width":1000,"height":1000,"url":"https:\/\/gymperformance.ch\/wp-content\/uploads\/2019\/06\/mockup-0b2c97df.jpg","type":"image\/jpeg"}],"schema":{"@context":"https:\/\/schema.org","@graph":[{"@type":"WebPage","@id":"https:\/\/gymperformance.ch\/en\/product\/tanktop-fit-dad\/","url":"https:\/\/gymperformance.ch\/en\/product\/tanktop-fit-dad\/","name":"Tanktop | Fit Dad | Yoshi - GymPerformance","isPartOf":{"@id":"https:\/\/gymperformance.ch\/#website"},"primaryImageOfPage":{"@id":"https:\/\/gymperformance.ch\/en\/product\/tanktop-fit-dad\/#primaryimage"},"image":{"@id":"https:\/\/gymperformance.ch\/en\/product\/tanktop-fit-dad\/#primaryimage"},"thumbnailUrl":"https:\/\/gymperformance.ch\/wp-content\/uploads\/2019\/06\/mockup-0b2c97df.jpg","datePublished":"2019-06-13T04:57:48+00:00","dateModified":"2025-03-01T11:07:34+00:00","breadcrumb":{"@id":"https:\/\/gymperformance.ch\/en\/product\/tanktop-fit-dad\/#breadcrumb"},"inLanguage":"en-US","potentialAction":[{"@type":"ReadAction","target":["https:\/\/gymperformance.ch\/en\/product\/tanktop-fit-dad\/"]}]},{"@type":"ImageObject","inLanguage":"en-US","@id":"https:\/\/gymperformance.ch\/en\/product\/tanktop-fit-dad\/#primaryimage","url":"https:\/\/gymperformance.ch\/wp-content\/uploads\/2019\/06\/mockup-0b2c97df.jpg","contentUrl":"https:\/\/gymperformance.ch\/wp-content\/uploads\/2019\/06\/mockup-0b2c97df.jpg","width":1000,"height":1000},{"@type":"BreadcrumbList","@id":"https:\/\/gymperformance.ch\/en\/product\/tanktop-fit-dad\/#breadcrumb","itemListElement":[{"@type":"ListItem","position":1,"name":"Home","item":"https:\/\/gymperformance.ch\/en\/entrepreneur\/"},{"@type":"ListItem","position":2,"name":"Shop","item":"https:\/\/gymperformance.ch\/en\/shop\/"},{"@type":"ListItem","position":3,"name":"Tanktop | Fit Dad | Yoshi"}]},{"@type":"WebSite","@id":"https:\/\/gymperformance.ch\/#website","url":"https:\/\/gymperformance.ch\/","name":"GymPerformance","description":"| Online Fitness f\u00fcr F\u00fchrungskr\u00e4fte und V\u00e4ter","publisher":{"@id":"https:\/\/gymperformance.ch\/#organization"},"alternateName":"Fitness f\u00fcr Unternehmer und vielbesch\u00e4ftigte V\u00e4ter","potentialAction":[{"@type":"SearchAction","target":{"@type":"EntryPoint","urlTemplate":"https:\/\/gymperformance.ch\/?s={search_term_string}"},"query-input":{"@type":"PropertyValueSpecification","valueRequired":true,"valueName":"search_term_string"}}],"inLanguage":"en-US"},{"@type":"Organization","@id":"https:\/\/gymperformance.ch\/#organization","name":"GymPerformance","alternateName":"Martin Bl\u00e4ttler","url":"https:\/\/gymperformance.ch\/","logo":{"@type":"ImageObject","inLanguage":"en-US","@id":"https:\/\/gymperformance.ch\/#\/schema\/logo\/image\/","url":"https:\/\/gymperformance.ch\/wp-content\/uploads\/2022\/02\/GYM_PERFORMANCE_LOGO_BLACK.png","contentUrl":"https:\/\/gymperformance.ch\/wp-content\/uploads\/2022\/02\/GYM_PERFORMANCE_LOGO_BLACK.png","width":1770,"height":299,"caption":"GymPerformance"},"image":{"@id":"https:\/\/gymperformance.ch\/#\/schema\/logo\/image\/"},"sameAs":["https:\/\/www.facebook.com\/GymPerf\/","https:\/\/x.com\/blaettlermartin","https:\/\/www.instagram.com\/gymperformance\/","https:\/\/www.linkedin.com\/in\/martinblaettler\/","https:\/\/www.pinterest.com\/blaettlermartin\/","https:\/\/twitter.com\/blaettlermartin","https:\/\/www.youtube.com\/@GymPerformance\/"]}]}},"_links":{"self":[{"href":"https:\/\/gymperformance.ch\/en\/wp-json\/wp\/v2\/product\/29891"}],"collection":[{"href":"https:\/\/gymperformance.ch\/en\/wp-json\/wp\/v2\/product"}],"about":[{"href":"https:\/\/gymperformance.ch\/en\/wp-json\/wp\/v2\/types\/product"}],"replies":[{"embeddable":true,"href":"https:\/\/gymperformance.ch\/en\/wp-json\/wp\/v2\/comments?post=29891"}],"wp:featuredmedia":[{"embeddable":true,"href":"https:\/\/gymperformance.ch\/en\/wp-json\/wp\/v2\/media\/29903"}],"wp:attachment":[{"href":"https:\/\/gymperformance.ch\/en\/wp-json\/wp\/v2\/media?parent=29891"}],"wp:term":[{"taxonomy":"product_cat","embeddable":true,"href":"https:\/\/gymperformance.ch\/en\/wp-json\/wp\/v2\/product_cat?post=29891"},{"taxonomy":"product_tag","embeddable":true,"href":"https:\/\/gymperformance.ch\/en\/wp-json\/wp\/v2\/product_tag?post=29891"}],"curies":[{"name":"wp","href":"https:\/\/api.w.org\/{rel}","templated":true}]}}