{"id":29829,"date":"2019-06-13T04:43:50","date_gmt":"2019-06-13T04:43:50","guid":{"rendered":"https:\/\/gymperformance.ch\/produkt\/baby-shirt-my-dad-is-my-hero\/"},"modified":"2024-10-18T02:36:03","modified_gmt":"2024-10-18T02:36:03","slug":"baby-shirt-my-dad-is-my-hero","status":"publish","type":"product","link":"https:\/\/gymperformance.ch\/en\/product\/baby-shirt-my-dad-is-my-hero\/","title":{"rendered":"Baby Shirt | My Dad Is My Hero"},"content":{"rendered":"<p>It&#8217;s never too early to look great! So get your baby this short sleeve cotton jersey tee that&#8217;s not only stylish, but also comfy, durable, and easy to clean. It&#8217;s a classic that&#8217;s bound to become the most loved item in your baby&#8217;s wardrobe.<\/p>\n<p>\u2022 100% cotton*<br \/>\n\u2022 Side-seamed<br \/>\n\u2022 Relaxed fit for extra comfort<\/p>\n<p>*Heather color is 52% Airlume combed and ring-spun cotton 48% poly<\/p>\n<span class=\"et_bloom_bottom_trigger\"><\/span>","protected":false},"excerpt":{"rendered":"<p>It&#8217;s never too early to look great! So get your baby this short sleeve cotton jersey tee that&#8217;s not only stylish, but also comfy, durable, and easy to clean. It&#8217;s a classic that&#8217;s bound to become the most loved item in your baby&#8217;s wardrobe. \u2022 100% cotton* \u2022 Side-seamed \u2022 Relaxed fit for extra comfort [&hellip;]<\/p>\n","protected":false},"featured_media":29839,"comment_status":"open","ping_status":"closed","template":"","meta":{"_et_pb_use_builder":"","_et_pb_old_content":"","_et_gb_content_width":""},"product_cat":[243],"product_tag":[244],"yoast_head":"<!-- This site is optimized with the Yoast SEO plugin v24.5 - https:\/\/yoast.com\/wordpress\/plugins\/seo\/ -->\n<title>Baby Shirt | My Dad Is My Hero - GymPerformance<\/title>\n<meta name=\"robots\" content=\"index, follow, max-snippet:-1, max-image-preview:large, max-video-preview:-1\" \/>\n<link rel=\"canonical\" href=\"https:\/\/gymperformance.ch\/en\/product\/baby-shirt-my-dad-is-my-hero\/\" \/>\n<meta property=\"og:locale\" content=\"en_US\" \/>\n<meta property=\"og:type\" content=\"article\" \/>\n<meta property=\"og:title\" content=\"Baby Shirt | My Dad Is My Hero - GymPerformance\" \/>\n<meta property=\"og:description\" content=\"It&#8217;s never too early to look great! So get your baby this short sleeve cotton jersey tee that&#8217;s not only stylish, but also comfy, durable, and easy to clean. It&#8217;s a classic that&#8217;s bound to become the most loved item in your baby&#8217;s wardrobe. \u2022 100% cotton* \u2022 Side-seamed \u2022 Relaxed fit for extra comfort [&hellip;]\" \/>\n<meta property=\"og:url\" content=\"https:\/\/gymperformance.ch\/en\/product\/baby-shirt-my-dad-is-my-hero\/\" \/>\n<meta property=\"og:site_name\" content=\"GymPerformance\" \/>\n<meta property=\"article:publisher\" content=\"https:\/\/www.facebook.com\/GymPerf\/\" \/>\n<meta property=\"article:modified_time\" content=\"2024-10-18T02:36:03+00:00\" \/>\n<meta property=\"og:image\" content=\"https:\/\/gymperformance.ch\/wp-content\/uploads\/2019\/06\/mockup-73d57337.jpg\" \/>\n\t<meta property=\"og:image:width\" content=\"1000\" \/>\n\t<meta property=\"og:image:height\" content=\"1000\" \/>\n\t<meta property=\"og:image:type\" content=\"image\/jpeg\" \/>\n<script type=\"application\/ld+json\" class=\"yoast-schema-graph\">{\"@context\":\"https:\/\/schema.org\",\"@graph\":[{\"@type\":\"WebPage\",\"@id\":\"https:\/\/gymperformance.ch\/en\/product\/baby-shirt-my-dad-is-my-hero\/\",\"url\":\"https:\/\/gymperformance.ch\/en\/product\/baby-shirt-my-dad-is-my-hero\/\",\"name\":\"Baby Shirt | My Dad Is My Hero - GymPerformance\",\"isPartOf\":{\"@id\":\"https:\/\/gymperformance.ch\/#website\"},\"primaryImageOfPage\":{\"@id\":\"https:\/\/gymperformance.ch\/en\/product\/baby-shirt-my-dad-is-my-hero\/#primaryimage\"},\"image\":{\"@id\":\"https:\/\/gymperformance.ch\/en\/product\/baby-shirt-my-dad-is-my-hero\/#primaryimage\"},\"thumbnailUrl\":\"https:\/\/gymperformance.ch\/wp-content\/uploads\/2019\/06\/mockup-73d57337.jpg\",\"datePublished\":\"2019-06-13T04:43:50+00:00\",\"dateModified\":\"2024-10-18T02:36:03+00:00\",\"breadcrumb\":{\"@id\":\"https:\/\/gymperformance.ch\/en\/product\/baby-shirt-my-dad-is-my-hero\/#breadcrumb\"},\"inLanguage\":\"en-US\",\"potentialAction\":[{\"@type\":\"ReadAction\",\"target\":[\"https:\/\/gymperformance.ch\/en\/product\/baby-shirt-my-dad-is-my-hero\/\"]}]},{\"@type\":\"ImageObject\",\"inLanguage\":\"en-US\",\"@id\":\"https:\/\/gymperformance.ch\/en\/product\/baby-shirt-my-dad-is-my-hero\/#primaryimage\",\"url\":\"https:\/\/gymperformance.ch\/wp-content\/uploads\/2019\/06\/mockup-73d57337.jpg\",\"contentUrl\":\"https:\/\/gymperformance.ch\/wp-content\/uploads\/2019\/06\/mockup-73d57337.jpg\",\"width\":1000,\"height\":1000},{\"@type\":\"BreadcrumbList\",\"@id\":\"https:\/\/gymperformance.ch\/en\/product\/baby-shirt-my-dad-is-my-hero\/#breadcrumb\",\"itemListElement\":[{\"@type\":\"ListItem\",\"position\":1,\"name\":\"Home\",\"item\":\"https:\/\/gymperformance.ch\/en\/entrepreneur\/\"},{\"@type\":\"ListItem\",\"position\":2,\"name\":\"Shop\",\"item\":\"https:\/\/gymperformance.ch\/en\/shop\/\"},{\"@type\":\"ListItem\",\"position\":3,\"name\":\"Baby Shirt | My Dad Is My Hero\"}]},{\"@type\":\"WebSite\",\"@id\":\"https:\/\/gymperformance.ch\/#website\",\"url\":\"https:\/\/gymperformance.ch\/\",\"name\":\"GymPerformance\",\"description\":\"| Online Fitness f\u00fcr F\u00fchrungskr\u00e4fte und V\u00e4ter\",\"publisher\":{\"@id\":\"https:\/\/gymperformance.ch\/#organization\"},\"alternateName\":\"Fitness f\u00fcr Unternehmer und vielbesch\u00e4ftigte V\u00e4ter\",\"potentialAction\":[{\"@type\":\"SearchAction\",\"target\":{\"@type\":\"EntryPoint\",\"urlTemplate\":\"https:\/\/gymperformance.ch\/?s={search_term_string}\"},\"query-input\":{\"@type\":\"PropertyValueSpecification\",\"valueRequired\":true,\"valueName\":\"search_term_string\"}}],\"inLanguage\":\"en-US\"},{\"@type\":\"Organization\",\"@id\":\"https:\/\/gymperformance.ch\/#organization\",\"name\":\"GymPerformance\",\"alternateName\":\"Martin Bl\u00e4ttler\",\"url\":\"https:\/\/gymperformance.ch\/\",\"logo\":{\"@type\":\"ImageObject\",\"inLanguage\":\"en-US\",\"@id\":\"https:\/\/gymperformance.ch\/#\/schema\/logo\/image\/\",\"url\":\"https:\/\/gymperformance.ch\/wp-content\/uploads\/2022\/02\/GYM_PERFORMANCE_LOGO_BLACK.png\",\"contentUrl\":\"https:\/\/gymperformance.ch\/wp-content\/uploads\/2022\/02\/GYM_PERFORMANCE_LOGO_BLACK.png\",\"width\":1770,\"height\":299,\"caption\":\"GymPerformance\"},\"image\":{\"@id\":\"https:\/\/gymperformance.ch\/#\/schema\/logo\/image\/\"},\"sameAs\":[\"https:\/\/www.facebook.com\/GymPerf\/\",\"https:\/\/x.com\/blaettlermartin\",\"https:\/\/www.instagram.com\/gymperformance\/\",\"https:\/\/www.linkedin.com\/in\/martinblaettler\/\",\"https:\/\/www.pinterest.com\/blaettlermartin\/\",\"https:\/\/twitter.com\/blaettlermartin\",\"https:\/\/www.youtube.com\/@GymPerformance\/\"]}]}<\/script>\n<!-- \/ Yoast SEO plugin. -->","yoast_head_json":{"title":"Baby Shirt | My Dad Is My Hero - GymPerformance","robots":{"index":"index","follow":"follow","max-snippet":"max-snippet:-1","max-image-preview":"max-image-preview:large","max-video-preview":"max-video-preview:-1"},"canonical":"https:\/\/gymperformance.ch\/en\/product\/baby-shirt-my-dad-is-my-hero\/","og_locale":"en_US","og_type":"article","og_title":"Baby Shirt | My Dad Is My Hero - GymPerformance","og_description":"It&#8217;s never too early to look great! So get your baby this short sleeve cotton jersey tee that&#8217;s not only stylish, but also comfy, durable, and easy to clean. It&#8217;s a classic that&#8217;s bound to become the most loved item in your baby&#8217;s wardrobe. \u2022 100% cotton* \u2022 Side-seamed \u2022 Relaxed fit for extra comfort [&hellip;]","og_url":"https:\/\/gymperformance.ch\/en\/product\/baby-shirt-my-dad-is-my-hero\/","og_site_name":"GymPerformance","article_publisher":"https:\/\/www.facebook.com\/GymPerf\/","article_modified_time":"2024-10-18T02:36:03+00:00","og_image":[{"width":1000,"height":1000,"url":"https:\/\/gymperformance.ch\/wp-content\/uploads\/2019\/06\/mockup-73d57337.jpg","type":"image\/jpeg"}],"schema":{"@context":"https:\/\/schema.org","@graph":[{"@type":"WebPage","@id":"https:\/\/gymperformance.ch\/en\/product\/baby-shirt-my-dad-is-my-hero\/","url":"https:\/\/gymperformance.ch\/en\/product\/baby-shirt-my-dad-is-my-hero\/","name":"Baby Shirt | My Dad Is My Hero - GymPerformance","isPartOf":{"@id":"https:\/\/gymperformance.ch\/#website"},"primaryImageOfPage":{"@id":"https:\/\/gymperformance.ch\/en\/product\/baby-shirt-my-dad-is-my-hero\/#primaryimage"},"image":{"@id":"https:\/\/gymperformance.ch\/en\/product\/baby-shirt-my-dad-is-my-hero\/#primaryimage"},"thumbnailUrl":"https:\/\/gymperformance.ch\/wp-content\/uploads\/2019\/06\/mockup-73d57337.jpg","datePublished":"2019-06-13T04:43:50+00:00","dateModified":"2024-10-18T02:36:03+00:00","breadcrumb":{"@id":"https:\/\/gymperformance.ch\/en\/product\/baby-shirt-my-dad-is-my-hero\/#breadcrumb"},"inLanguage":"en-US","potentialAction":[{"@type":"ReadAction","target":["https:\/\/gymperformance.ch\/en\/product\/baby-shirt-my-dad-is-my-hero\/"]}]},{"@type":"ImageObject","inLanguage":"en-US","@id":"https:\/\/gymperformance.ch\/en\/product\/baby-shirt-my-dad-is-my-hero\/#primaryimage","url":"https:\/\/gymperformance.ch\/wp-content\/uploads\/2019\/06\/mockup-73d57337.jpg","contentUrl":"https:\/\/gymperformance.ch\/wp-content\/uploads\/2019\/06\/mockup-73d57337.jpg","width":1000,"height":1000},{"@type":"BreadcrumbList","@id":"https:\/\/gymperformance.ch\/en\/product\/baby-shirt-my-dad-is-my-hero\/#breadcrumb","itemListElement":[{"@type":"ListItem","position":1,"name":"Home","item":"https:\/\/gymperformance.ch\/en\/entrepreneur\/"},{"@type":"ListItem","position":2,"name":"Shop","item":"https:\/\/gymperformance.ch\/en\/shop\/"},{"@type":"ListItem","position":3,"name":"Baby Shirt | My Dad Is My Hero"}]},{"@type":"WebSite","@id":"https:\/\/gymperformance.ch\/#website","url":"https:\/\/gymperformance.ch\/","name":"GymPerformance","description":"| Online Fitness f\u00fcr F\u00fchrungskr\u00e4fte und V\u00e4ter","publisher":{"@id":"https:\/\/gymperformance.ch\/#organization"},"alternateName":"Fitness f\u00fcr Unternehmer und vielbesch\u00e4ftigte V\u00e4ter","potentialAction":[{"@type":"SearchAction","target":{"@type":"EntryPoint","urlTemplate":"https:\/\/gymperformance.ch\/?s={search_term_string}"},"query-input":{"@type":"PropertyValueSpecification","valueRequired":true,"valueName":"search_term_string"}}],"inLanguage":"en-US"},{"@type":"Organization","@id":"https:\/\/gymperformance.ch\/#organization","name":"GymPerformance","alternateName":"Martin Bl\u00e4ttler","url":"https:\/\/gymperformance.ch\/","logo":{"@type":"ImageObject","inLanguage":"en-US","@id":"https:\/\/gymperformance.ch\/#\/schema\/logo\/image\/","url":"https:\/\/gymperformance.ch\/wp-content\/uploads\/2022\/02\/GYM_PERFORMANCE_LOGO_BLACK.png","contentUrl":"https:\/\/gymperformance.ch\/wp-content\/uploads\/2022\/02\/GYM_PERFORMANCE_LOGO_BLACK.png","width":1770,"height":299,"caption":"GymPerformance"},"image":{"@id":"https:\/\/gymperformance.ch\/#\/schema\/logo\/image\/"},"sameAs":["https:\/\/www.facebook.com\/GymPerf\/","https:\/\/x.com\/blaettlermartin","https:\/\/www.instagram.com\/gymperformance\/","https:\/\/www.linkedin.com\/in\/martinblaettler\/","https:\/\/www.pinterest.com\/blaettlermartin\/","https:\/\/twitter.com\/blaettlermartin","https:\/\/www.youtube.com\/@GymPerformance\/"]}]}},"_links":{"self":[{"href":"https:\/\/gymperformance.ch\/en\/wp-json\/wp\/v2\/product\/29829"}],"collection":[{"href":"https:\/\/gymperformance.ch\/en\/wp-json\/wp\/v2\/product"}],"about":[{"href":"https:\/\/gymperformance.ch\/en\/wp-json\/wp\/v2\/types\/product"}],"replies":[{"embeddable":true,"href":"https:\/\/gymperformance.ch\/en\/wp-json\/wp\/v2\/comments?post=29829"}],"wp:featuredmedia":[{"embeddable":true,"href":"https:\/\/gymperformance.ch\/en\/wp-json\/wp\/v2\/media\/29839"}],"wp:attachment":[{"href":"https:\/\/gymperformance.ch\/en\/wp-json\/wp\/v2\/media?parent=29829"}],"wp:term":[{"taxonomy":"product_cat","embeddable":true,"href":"https:\/\/gymperformance.ch\/en\/wp-json\/wp\/v2\/product_cat?post=29829"},{"taxonomy":"product_tag","embeddable":true,"href":"https:\/\/gymperformance.ch\/en\/wp-json\/wp\/v2\/product_tag?post=29829"}],"curies":[{"name":"wp","href":"https:\/\/api.w.org\/{rel}","templated":true}]}}