{"id":29793,"date":"2019-06-13T04:32:22","date_gmt":"2019-06-13T04:32:22","guid":{"rendered":"https:\/\/gymperformance.ch\/produkt\/my-dad-is-my-hero-fit-dad-apparel\/"},"modified":"2019-06-13T04:36:47","modified_gmt":"2019-06-13T04:36:47","slug":"my-dad-is-my-hero-fit-dad-apparel","status":"publish","type":"product","link":"https:\/\/gymperformance.ch\/en\/product\/my-dad-is-my-hero-fit-dad-apparel\/","title":{"rendered":"Baby Bodysuit | My Dad Is My Hero"},"content":{"rendered":"<p>Dress your baby to the nines with this 100% cotton one piece. It has three snap leg closure for easy changing, a comfortable envelope neckline, and a beautiful print that&#8217;s bound to get the baby all happy and giggling.<\/p>\n<p>&#8211; 100% soft cotton*<br \/>\n&#8211; Comfortable envelope neckline<br \/>\n&#8211; Three snap leg closure<\/p>\n<p>*Heather color is 52% Airlume combed and ring-spun cotton 48% poly<\/p>\n<span class=\"et_bloom_bottom_trigger\"><\/span>","protected":false},"excerpt":{"rendered":"<p>Dress your baby to the nines with this 100% cotton one piece. It has three snap leg closure for easy changing, a comfortable envelope neckline, and a beautiful print that&#8217;s bound to get the baby all happy and giggling. &#8211; 100% soft cotton* &#8211; Comfortable envelope neckline &#8211; Three snap leg closure *Heather color is [&hellip;]<\/p>\n","protected":false},"featured_media":29807,"comment_status":"open","ping_status":"closed","template":"","meta":{"_et_pb_use_builder":"","_et_pb_old_content":"","_et_gb_content_width":""},"product_cat":[243],"product_tag":[244],"yoast_head":"<!-- This site is optimized with the Yoast SEO plugin v24.5 - https:\/\/yoast.com\/wordpress\/plugins\/seo\/ -->\n<title>Baby Bodysuit | My Dad Is My Hero - GymPerformance<\/title>\n<meta name=\"robots\" content=\"index, follow, max-snippet:-1, max-image-preview:large, max-video-preview:-1\" \/>\n<link rel=\"canonical\" href=\"https:\/\/gymperformance.ch\/en\/product\/my-dad-is-my-hero-fit-dad-apparel\/\" \/>\n<meta property=\"og:locale\" content=\"en_US\" \/>\n<meta property=\"og:type\" content=\"article\" \/>\n<meta property=\"og:title\" content=\"Baby Bodysuit | My Dad Is My Hero - GymPerformance\" \/>\n<meta property=\"og:description\" content=\"Dress your baby to the nines with this 100% cotton one piece. It has three snap leg closure for easy changing, a comfortable envelope neckline, and a beautiful print that&#8217;s bound to get the baby all happy and giggling. &#8211; 100% soft cotton* &#8211; Comfortable envelope neckline &#8211; Three snap leg closure *Heather color is [&hellip;]\" \/>\n<meta property=\"og:url\" content=\"https:\/\/gymperformance.ch\/en\/product\/my-dad-is-my-hero-fit-dad-apparel\/\" \/>\n<meta property=\"og:site_name\" content=\"GymPerformance\" \/>\n<meta property=\"article:publisher\" content=\"https:\/\/www.facebook.com\/GymPerf\/\" \/>\n<meta property=\"article:modified_time\" content=\"2019-06-13T04:36:47+00:00\" \/>\n<meta property=\"og:image\" content=\"https:\/\/gymperformance.ch\/wp-content\/uploads\/2019\/06\/mockup-e983d98b.jpg\" \/>\n\t<meta property=\"og:image:width\" content=\"1000\" \/>\n\t<meta property=\"og:image:height\" content=\"1000\" \/>\n\t<meta property=\"og:image:type\" content=\"image\/jpeg\" \/>\n<script type=\"application\/ld+json\" class=\"yoast-schema-graph\">{\"@context\":\"https:\/\/schema.org\",\"@graph\":[{\"@type\":\"WebPage\",\"@id\":\"https:\/\/gymperformance.ch\/en\/product\/my-dad-is-my-hero-fit-dad-apparel\/\",\"url\":\"https:\/\/gymperformance.ch\/en\/product\/my-dad-is-my-hero-fit-dad-apparel\/\",\"name\":\"Baby Bodysuit | My Dad Is My Hero - GymPerformance\",\"isPartOf\":{\"@id\":\"https:\/\/gymperformance.ch\/#website\"},\"primaryImageOfPage\":{\"@id\":\"https:\/\/gymperformance.ch\/en\/product\/my-dad-is-my-hero-fit-dad-apparel\/#primaryimage\"},\"image\":{\"@id\":\"https:\/\/gymperformance.ch\/en\/product\/my-dad-is-my-hero-fit-dad-apparel\/#primaryimage\"},\"thumbnailUrl\":\"https:\/\/gymperformance.ch\/wp-content\/uploads\/2019\/06\/mockup-e983d98b.jpg\",\"datePublished\":\"2019-06-13T04:32:22+00:00\",\"dateModified\":\"2019-06-13T04:36:47+00:00\",\"breadcrumb\":{\"@id\":\"https:\/\/gymperformance.ch\/en\/product\/my-dad-is-my-hero-fit-dad-apparel\/#breadcrumb\"},\"inLanguage\":\"en-US\",\"potentialAction\":[{\"@type\":\"ReadAction\",\"target\":[\"https:\/\/gymperformance.ch\/en\/product\/my-dad-is-my-hero-fit-dad-apparel\/\"]}]},{\"@type\":\"ImageObject\",\"inLanguage\":\"en-US\",\"@id\":\"https:\/\/gymperformance.ch\/en\/product\/my-dad-is-my-hero-fit-dad-apparel\/#primaryimage\",\"url\":\"https:\/\/gymperformance.ch\/wp-content\/uploads\/2019\/06\/mockup-e983d98b.jpg\",\"contentUrl\":\"https:\/\/gymperformance.ch\/wp-content\/uploads\/2019\/06\/mockup-e983d98b.jpg\",\"width\":1000,\"height\":1000},{\"@type\":\"BreadcrumbList\",\"@id\":\"https:\/\/gymperformance.ch\/en\/product\/my-dad-is-my-hero-fit-dad-apparel\/#breadcrumb\",\"itemListElement\":[{\"@type\":\"ListItem\",\"position\":1,\"name\":\"Home\",\"item\":\"https:\/\/gymperformance.ch\/en\/entrepreneur\/\"},{\"@type\":\"ListItem\",\"position\":2,\"name\":\"Shop\",\"item\":\"https:\/\/gymperformance.ch\/en\/shop\/\"},{\"@type\":\"ListItem\",\"position\":3,\"name\":\"Baby Bodysuit | My Dad Is My Hero\"}]},{\"@type\":\"WebSite\",\"@id\":\"https:\/\/gymperformance.ch\/#website\",\"url\":\"https:\/\/gymperformance.ch\/\",\"name\":\"GymPerformance\",\"description\":\"| Online Fitness f\u00fcr F\u00fchrungskr\u00e4fte und V\u00e4ter\",\"publisher\":{\"@id\":\"https:\/\/gymperformance.ch\/#organization\"},\"alternateName\":\"Fitness f\u00fcr Unternehmer und vielbesch\u00e4ftigte V\u00e4ter\",\"potentialAction\":[{\"@type\":\"SearchAction\",\"target\":{\"@type\":\"EntryPoint\",\"urlTemplate\":\"https:\/\/gymperformance.ch\/?s={search_term_string}\"},\"query-input\":{\"@type\":\"PropertyValueSpecification\",\"valueRequired\":true,\"valueName\":\"search_term_string\"}}],\"inLanguage\":\"en-US\"},{\"@type\":\"Organization\",\"@id\":\"https:\/\/gymperformance.ch\/#organization\",\"name\":\"GymPerformance\",\"alternateName\":\"Martin Bl\u00e4ttler\",\"url\":\"https:\/\/gymperformance.ch\/\",\"logo\":{\"@type\":\"ImageObject\",\"inLanguage\":\"en-US\",\"@id\":\"https:\/\/gymperformance.ch\/#\/schema\/logo\/image\/\",\"url\":\"https:\/\/gymperformance.ch\/wp-content\/uploads\/2022\/02\/GYM_PERFORMANCE_LOGO_BLACK.png\",\"contentUrl\":\"https:\/\/gymperformance.ch\/wp-content\/uploads\/2022\/02\/GYM_PERFORMANCE_LOGO_BLACK.png\",\"width\":1770,\"height\":299,\"caption\":\"GymPerformance\"},\"image\":{\"@id\":\"https:\/\/gymperformance.ch\/#\/schema\/logo\/image\/\"},\"sameAs\":[\"https:\/\/www.facebook.com\/GymPerf\/\",\"https:\/\/x.com\/blaettlermartin\",\"https:\/\/www.instagram.com\/gymperformance\/\",\"https:\/\/www.linkedin.com\/in\/martinblaettler\/\",\"https:\/\/www.pinterest.com\/blaettlermartin\/\",\"https:\/\/twitter.com\/blaettlermartin\",\"https:\/\/www.youtube.com\/@GymPerformance\/\"]}]}<\/script>\n<!-- \/ Yoast SEO plugin. -->","yoast_head_json":{"title":"Baby Bodysuit | My Dad Is My Hero - GymPerformance","robots":{"index":"index","follow":"follow","max-snippet":"max-snippet:-1","max-image-preview":"max-image-preview:large","max-video-preview":"max-video-preview:-1"},"canonical":"https:\/\/gymperformance.ch\/en\/product\/my-dad-is-my-hero-fit-dad-apparel\/","og_locale":"en_US","og_type":"article","og_title":"Baby Bodysuit | My Dad Is My Hero - GymPerformance","og_description":"Dress your baby to the nines with this 100% cotton one piece. It has three snap leg closure for easy changing, a comfortable envelope neckline, and a beautiful print that&#8217;s bound to get the baby all happy and giggling. &#8211; 100% soft cotton* &#8211; Comfortable envelope neckline &#8211; Three snap leg closure *Heather color is [&hellip;]","og_url":"https:\/\/gymperformance.ch\/en\/product\/my-dad-is-my-hero-fit-dad-apparel\/","og_site_name":"GymPerformance","article_publisher":"https:\/\/www.facebook.com\/GymPerf\/","article_modified_time":"2019-06-13T04:36:47+00:00","og_image":[{"width":1000,"height":1000,"url":"https:\/\/gymperformance.ch\/wp-content\/uploads\/2019\/06\/mockup-e983d98b.jpg","type":"image\/jpeg"}],"schema":{"@context":"https:\/\/schema.org","@graph":[{"@type":"WebPage","@id":"https:\/\/gymperformance.ch\/en\/product\/my-dad-is-my-hero-fit-dad-apparel\/","url":"https:\/\/gymperformance.ch\/en\/product\/my-dad-is-my-hero-fit-dad-apparel\/","name":"Baby Bodysuit | My Dad Is My Hero - GymPerformance","isPartOf":{"@id":"https:\/\/gymperformance.ch\/#website"},"primaryImageOfPage":{"@id":"https:\/\/gymperformance.ch\/en\/product\/my-dad-is-my-hero-fit-dad-apparel\/#primaryimage"},"image":{"@id":"https:\/\/gymperformance.ch\/en\/product\/my-dad-is-my-hero-fit-dad-apparel\/#primaryimage"},"thumbnailUrl":"https:\/\/gymperformance.ch\/wp-content\/uploads\/2019\/06\/mockup-e983d98b.jpg","datePublished":"2019-06-13T04:32:22+00:00","dateModified":"2019-06-13T04:36:47+00:00","breadcrumb":{"@id":"https:\/\/gymperformance.ch\/en\/product\/my-dad-is-my-hero-fit-dad-apparel\/#breadcrumb"},"inLanguage":"en-US","potentialAction":[{"@type":"ReadAction","target":["https:\/\/gymperformance.ch\/en\/product\/my-dad-is-my-hero-fit-dad-apparel\/"]}]},{"@type":"ImageObject","inLanguage":"en-US","@id":"https:\/\/gymperformance.ch\/en\/product\/my-dad-is-my-hero-fit-dad-apparel\/#primaryimage","url":"https:\/\/gymperformance.ch\/wp-content\/uploads\/2019\/06\/mockup-e983d98b.jpg","contentUrl":"https:\/\/gymperformance.ch\/wp-content\/uploads\/2019\/06\/mockup-e983d98b.jpg","width":1000,"height":1000},{"@type":"BreadcrumbList","@id":"https:\/\/gymperformance.ch\/en\/product\/my-dad-is-my-hero-fit-dad-apparel\/#breadcrumb","itemListElement":[{"@type":"ListItem","position":1,"name":"Home","item":"https:\/\/gymperformance.ch\/en\/entrepreneur\/"},{"@type":"ListItem","position":2,"name":"Shop","item":"https:\/\/gymperformance.ch\/en\/shop\/"},{"@type":"ListItem","position":3,"name":"Baby Bodysuit | My Dad Is My Hero"}]},{"@type":"WebSite","@id":"https:\/\/gymperformance.ch\/#website","url":"https:\/\/gymperformance.ch\/","name":"GymPerformance","description":"| Online Fitness f\u00fcr F\u00fchrungskr\u00e4fte und V\u00e4ter","publisher":{"@id":"https:\/\/gymperformance.ch\/#organization"},"alternateName":"Fitness f\u00fcr Unternehmer und vielbesch\u00e4ftigte V\u00e4ter","potentialAction":[{"@type":"SearchAction","target":{"@type":"EntryPoint","urlTemplate":"https:\/\/gymperformance.ch\/?s={search_term_string}"},"query-input":{"@type":"PropertyValueSpecification","valueRequired":true,"valueName":"search_term_string"}}],"inLanguage":"en-US"},{"@type":"Organization","@id":"https:\/\/gymperformance.ch\/#organization","name":"GymPerformance","alternateName":"Martin Bl\u00e4ttler","url":"https:\/\/gymperformance.ch\/","logo":{"@type":"ImageObject","inLanguage":"en-US","@id":"https:\/\/gymperformance.ch\/#\/schema\/logo\/image\/","url":"https:\/\/gymperformance.ch\/wp-content\/uploads\/2022\/02\/GYM_PERFORMANCE_LOGO_BLACK.png","contentUrl":"https:\/\/gymperformance.ch\/wp-content\/uploads\/2022\/02\/GYM_PERFORMANCE_LOGO_BLACK.png","width":1770,"height":299,"caption":"GymPerformance"},"image":{"@id":"https:\/\/gymperformance.ch\/#\/schema\/logo\/image\/"},"sameAs":["https:\/\/www.facebook.com\/GymPerf\/","https:\/\/x.com\/blaettlermartin","https:\/\/www.instagram.com\/gymperformance\/","https:\/\/www.linkedin.com\/in\/martinblaettler\/","https:\/\/www.pinterest.com\/blaettlermartin\/","https:\/\/twitter.com\/blaettlermartin","https:\/\/www.youtube.com\/@GymPerformance\/"]}]}},"_links":{"self":[{"href":"https:\/\/gymperformance.ch\/en\/wp-json\/wp\/v2\/product\/29793"}],"collection":[{"href":"https:\/\/gymperformance.ch\/en\/wp-json\/wp\/v2\/product"}],"about":[{"href":"https:\/\/gymperformance.ch\/en\/wp-json\/wp\/v2\/types\/product"}],"replies":[{"embeddable":true,"href":"https:\/\/gymperformance.ch\/en\/wp-json\/wp\/v2\/comments?post=29793"}],"wp:featuredmedia":[{"embeddable":true,"href":"https:\/\/gymperformance.ch\/en\/wp-json\/wp\/v2\/media\/29807"}],"wp:attachment":[{"href":"https:\/\/gymperformance.ch\/en\/wp-json\/wp\/v2\/media?parent=29793"}],"wp:term":[{"taxonomy":"product_cat","embeddable":true,"href":"https:\/\/gymperformance.ch\/en\/wp-json\/wp\/v2\/product_cat?post=29793"},{"taxonomy":"product_tag","embeddable":true,"href":"https:\/\/gymperformance.ch\/en\/wp-json\/wp\/v2\/product_tag?post=29793"}],"curies":[{"name":"wp","href":"https:\/\/api.w.org\/{rel}","templated":true}]}}