{"id":14291,"date":"2018-10-12T18:04:28","date_gmt":"2018-10-12T18:04:28","guid":{"rendered":"https:\/\/gymperformance.ch\/?post_type=product&#038;p=14291"},"modified":"2019-03-21T14:05:05","modified_gmt":"2019-03-21T14:05:05","slug":"performance-meets-aesthetics","status":"publish","type":"product","link":"https:\/\/gymperformance.ch\/en\/product\/performance-meets-aesthetics\/","title":{"rendered":"Performance Meets Aesthetics"},"content":{"rendered":"<p>Reach your full potential with the Performance Meets Aesthetics Program.<\/p>\n<p>What&#8217;s included:<\/p>\n<ul>\n<li>A training program based on bodybuilding and functional fitness<\/li>\n<li><strong>20 different workout routines<\/strong>\u00a0consisting of weight lifting and bodyweight exercises<\/li>\n<li>A\u00a0<strong>meal plan designed for losing body fat<\/strong>, while maintaining muscle mass<\/li>\n<li>A\u00a0<strong>meal plan designed for muscle growth<\/strong>\u00a0with minimal fat gain<\/li>\n<li>A\u00a0<strong>complete food list<\/strong>\u00a0which can be used for grocery shopping<\/li>\n<li>A\u00a0<strong>supplement recommendation<\/strong><\/li>\n<li><strong>Support<\/strong>\u00a0and\u00a0<strong>guidance<\/strong>\u00a0from Martin via Email and WhatsApp<\/li>\n<\/ul>\n<span class=\"et_bloom_bottom_trigger\"><\/span>","protected":false},"excerpt":{"rendered":"<p>Reach your full potential with the Performance Meets Aesthetics Program. What&#8217;s included: A training program based on bodybuilding and functional fitness 20 different workout routines\u00a0consisting of weight lifting and bodyweight exercises A\u00a0meal plan designed for losing body fat, while maintaining muscle mass A\u00a0meal plan designed for muscle growth\u00a0with minimal fat gain A\u00a0complete food list\u00a0which can [&hellip;]<\/p>\n","protected":false},"featured_media":14295,"comment_status":"open","ping_status":"closed","template":"","meta":{"_et_pb_use_builder":"","_et_pb_old_content":"","_et_gb_content_width":""},"product_cat":[174],"product_tag":[36],"yoast_head":"<!-- This site is optimized with the Yoast SEO plugin v24.5 - https:\/\/yoast.com\/wordpress\/plugins\/seo\/ -->\n<title>Performance Meets Aesthetics - GymPerformance<\/title>\n<meta name=\"description\" content=\"Classic bodybuilding training combined with bodyweight exercises and functional fitness. The idea behind the Performance Meets Aesthetics Program.\" \/>\n<meta name=\"robots\" content=\"index, follow, max-snippet:-1, max-image-preview:large, max-video-preview:-1\" \/>\n<link rel=\"canonical\" href=\"https:\/\/gymperformance.ch\/en\/product\/performance-meets-aesthetics\/\" \/>\n<meta property=\"og:locale\" content=\"en_US\" \/>\n<meta property=\"og:type\" content=\"article\" \/>\n<meta property=\"og:title\" content=\"Performance Meets Aesthetics - GymPerformance\" \/>\n<meta property=\"og:description\" content=\"Classic bodybuilding training combined with bodyweight exercises and functional fitness. The idea behind the Performance Meets Aesthetics Program.\" \/>\n<meta property=\"og:url\" content=\"https:\/\/gymperformance.ch\/en\/product\/performance-meets-aesthetics\/\" \/>\n<meta property=\"og:site_name\" content=\"GymPerformance\" \/>\n<meta property=\"article:publisher\" content=\"https:\/\/www.facebook.com\/GymPerf\/\" \/>\n<meta property=\"article:modified_time\" content=\"2019-03-21T14:05:05+00:00\" \/>\n<meta property=\"og:image\" content=\"https:\/\/gymperformance.ch\/wp-content\/uploads\/2018\/10\/product-image.jpg\" \/>\n\t<meta property=\"og:image:width\" content=\"450\" \/>\n\t<meta property=\"og:image:height\" content=\"461\" \/>\n\t<meta property=\"og:image:type\" content=\"image\/jpeg\" \/>\n<script type=\"application\/ld+json\" class=\"yoast-schema-graph\">{\"@context\":\"https:\/\/schema.org\",\"@graph\":[{\"@type\":\"WebPage\",\"@id\":\"https:\/\/gymperformance.ch\/en\/product\/performance-meets-aesthetics\/\",\"url\":\"https:\/\/gymperformance.ch\/en\/product\/performance-meets-aesthetics\/\",\"name\":\"Performance Meets Aesthetics - GymPerformance\",\"isPartOf\":{\"@id\":\"https:\/\/gymperformance.ch\/#website\"},\"primaryImageOfPage\":{\"@id\":\"https:\/\/gymperformance.ch\/en\/product\/performance-meets-aesthetics\/#primaryimage\"},\"image\":{\"@id\":\"https:\/\/gymperformance.ch\/en\/product\/performance-meets-aesthetics\/#primaryimage\"},\"thumbnailUrl\":\"https:\/\/gymperformance.ch\/wp-content\/uploads\/2018\/10\/product-image.jpg\",\"datePublished\":\"2018-10-12T18:04:28+00:00\",\"dateModified\":\"2019-03-21T14:05:05+00:00\",\"description\":\"Classic bodybuilding training combined with bodyweight exercises and functional fitness. The idea behind the Performance Meets Aesthetics Program.\",\"breadcrumb\":{\"@id\":\"https:\/\/gymperformance.ch\/en\/product\/performance-meets-aesthetics\/#breadcrumb\"},\"inLanguage\":\"en-US\",\"potentialAction\":[{\"@type\":\"ReadAction\",\"target\":[\"https:\/\/gymperformance.ch\/en\/product\/performance-meets-aesthetics\/\"]}]},{\"@type\":\"ImageObject\",\"inLanguage\":\"en-US\",\"@id\":\"https:\/\/gymperformance.ch\/en\/product\/performance-meets-aesthetics\/#primaryimage\",\"url\":\"https:\/\/gymperformance.ch\/wp-content\/uploads\/2018\/10\/product-image.jpg\",\"contentUrl\":\"https:\/\/gymperformance.ch\/wp-content\/uploads\/2018\/10\/product-image.jpg\",\"width\":450,\"height\":461,\"caption\":\"Performance Meets Aesthetics\"},{\"@type\":\"BreadcrumbList\",\"@id\":\"https:\/\/gymperformance.ch\/en\/product\/performance-meets-aesthetics\/#breadcrumb\",\"itemListElement\":[{\"@type\":\"ListItem\",\"position\":1,\"name\":\"Home\",\"item\":\"https:\/\/gymperformance.ch\/en\/entrepreneur\/\"},{\"@type\":\"ListItem\",\"position\":2,\"name\":\"Shop\",\"item\":\"https:\/\/gymperformance.ch\/en\/shop\/\"},{\"@type\":\"ListItem\",\"position\":3,\"name\":\"Performance Meets Aesthetics\"}]},{\"@type\":\"WebSite\",\"@id\":\"https:\/\/gymperformance.ch\/#website\",\"url\":\"https:\/\/gymperformance.ch\/\",\"name\":\"GymPerformance\",\"description\":\"| Online Fitness f\u00fcr F\u00fchrungskr\u00e4fte und V\u00e4ter\",\"publisher\":{\"@id\":\"https:\/\/gymperformance.ch\/#organization\"},\"alternateName\":\"Fitness f\u00fcr Unternehmer und vielbesch\u00e4ftigte V\u00e4ter\",\"potentialAction\":[{\"@type\":\"SearchAction\",\"target\":{\"@type\":\"EntryPoint\",\"urlTemplate\":\"https:\/\/gymperformance.ch\/?s={search_term_string}\"},\"query-input\":{\"@type\":\"PropertyValueSpecification\",\"valueRequired\":true,\"valueName\":\"search_term_string\"}}],\"inLanguage\":\"en-US\"},{\"@type\":\"Organization\",\"@id\":\"https:\/\/gymperformance.ch\/#organization\",\"name\":\"GymPerformance\",\"alternateName\":\"Martin Bl\u00e4ttler\",\"url\":\"https:\/\/gymperformance.ch\/\",\"logo\":{\"@type\":\"ImageObject\",\"inLanguage\":\"en-US\",\"@id\":\"https:\/\/gymperformance.ch\/#\/schema\/logo\/image\/\",\"url\":\"https:\/\/gymperformance.ch\/wp-content\/uploads\/2022\/02\/GYM_PERFORMANCE_LOGO_BLACK.png\",\"contentUrl\":\"https:\/\/gymperformance.ch\/wp-content\/uploads\/2022\/02\/GYM_PERFORMANCE_LOGO_BLACK.png\",\"width\":1770,\"height\":299,\"caption\":\"GymPerformance\"},\"image\":{\"@id\":\"https:\/\/gymperformance.ch\/#\/schema\/logo\/image\/\"},\"sameAs\":[\"https:\/\/www.facebook.com\/GymPerf\/\",\"https:\/\/x.com\/blaettlermartin\",\"https:\/\/www.instagram.com\/gymperformance\/\",\"https:\/\/www.linkedin.com\/in\/martinblaettler\/\",\"https:\/\/www.pinterest.com\/blaettlermartin\/\",\"https:\/\/twitter.com\/blaettlermartin\",\"https:\/\/www.youtube.com\/@GymPerformance\/\"]}]}<\/script>\n<!-- \/ Yoast SEO plugin. -->","yoast_head_json":{"title":"Performance Meets Aesthetics - GymPerformance","description":"Classic bodybuilding training combined with bodyweight exercises and functional fitness. The idea behind the Performance Meets Aesthetics Program.","robots":{"index":"index","follow":"follow","max-snippet":"max-snippet:-1","max-image-preview":"max-image-preview:large","max-video-preview":"max-video-preview:-1"},"canonical":"https:\/\/gymperformance.ch\/en\/product\/performance-meets-aesthetics\/","og_locale":"en_US","og_type":"article","og_title":"Performance Meets Aesthetics - GymPerformance","og_description":"Classic bodybuilding training combined with bodyweight exercises and functional fitness. The idea behind the Performance Meets Aesthetics Program.","og_url":"https:\/\/gymperformance.ch\/en\/product\/performance-meets-aesthetics\/","og_site_name":"GymPerformance","article_publisher":"https:\/\/www.facebook.com\/GymPerf\/","article_modified_time":"2019-03-21T14:05:05+00:00","og_image":[{"width":450,"height":461,"url":"https:\/\/gymperformance.ch\/wp-content\/uploads\/2018\/10\/product-image.jpg","type":"image\/jpeg"}],"schema":{"@context":"https:\/\/schema.org","@graph":[{"@type":"WebPage","@id":"https:\/\/gymperformance.ch\/en\/product\/performance-meets-aesthetics\/","url":"https:\/\/gymperformance.ch\/en\/product\/performance-meets-aesthetics\/","name":"Performance Meets Aesthetics - GymPerformance","isPartOf":{"@id":"https:\/\/gymperformance.ch\/#website"},"primaryImageOfPage":{"@id":"https:\/\/gymperformance.ch\/en\/product\/performance-meets-aesthetics\/#primaryimage"},"image":{"@id":"https:\/\/gymperformance.ch\/en\/product\/performance-meets-aesthetics\/#primaryimage"},"thumbnailUrl":"https:\/\/gymperformance.ch\/wp-content\/uploads\/2018\/10\/product-image.jpg","datePublished":"2018-10-12T18:04:28+00:00","dateModified":"2019-03-21T14:05:05+00:00","description":"Classic bodybuilding training combined with bodyweight exercises and functional fitness. The idea behind the Performance Meets Aesthetics Program.","breadcrumb":{"@id":"https:\/\/gymperformance.ch\/en\/product\/performance-meets-aesthetics\/#breadcrumb"},"inLanguage":"en-US","potentialAction":[{"@type":"ReadAction","target":["https:\/\/gymperformance.ch\/en\/product\/performance-meets-aesthetics\/"]}]},{"@type":"ImageObject","inLanguage":"en-US","@id":"https:\/\/gymperformance.ch\/en\/product\/performance-meets-aesthetics\/#primaryimage","url":"https:\/\/gymperformance.ch\/wp-content\/uploads\/2018\/10\/product-image.jpg","contentUrl":"https:\/\/gymperformance.ch\/wp-content\/uploads\/2018\/10\/product-image.jpg","width":450,"height":461,"caption":"Performance Meets Aesthetics"},{"@type":"BreadcrumbList","@id":"https:\/\/gymperformance.ch\/en\/product\/performance-meets-aesthetics\/#breadcrumb","itemListElement":[{"@type":"ListItem","position":1,"name":"Home","item":"https:\/\/gymperformance.ch\/en\/entrepreneur\/"},{"@type":"ListItem","position":2,"name":"Shop","item":"https:\/\/gymperformance.ch\/en\/shop\/"},{"@type":"ListItem","position":3,"name":"Performance Meets Aesthetics"}]},{"@type":"WebSite","@id":"https:\/\/gymperformance.ch\/#website","url":"https:\/\/gymperformance.ch\/","name":"GymPerformance","description":"| Online Fitness f\u00fcr F\u00fchrungskr\u00e4fte und V\u00e4ter","publisher":{"@id":"https:\/\/gymperformance.ch\/#organization"},"alternateName":"Fitness f\u00fcr Unternehmer und vielbesch\u00e4ftigte V\u00e4ter","potentialAction":[{"@type":"SearchAction","target":{"@type":"EntryPoint","urlTemplate":"https:\/\/gymperformance.ch\/?s={search_term_string}"},"query-input":{"@type":"PropertyValueSpecification","valueRequired":true,"valueName":"search_term_string"}}],"inLanguage":"en-US"},{"@type":"Organization","@id":"https:\/\/gymperformance.ch\/#organization","name":"GymPerformance","alternateName":"Martin Bl\u00e4ttler","url":"https:\/\/gymperformance.ch\/","logo":{"@type":"ImageObject","inLanguage":"en-US","@id":"https:\/\/gymperformance.ch\/#\/schema\/logo\/image\/","url":"https:\/\/gymperformance.ch\/wp-content\/uploads\/2022\/02\/GYM_PERFORMANCE_LOGO_BLACK.png","contentUrl":"https:\/\/gymperformance.ch\/wp-content\/uploads\/2022\/02\/GYM_PERFORMANCE_LOGO_BLACK.png","width":1770,"height":299,"caption":"GymPerformance"},"image":{"@id":"https:\/\/gymperformance.ch\/#\/schema\/logo\/image\/"},"sameAs":["https:\/\/www.facebook.com\/GymPerf\/","https:\/\/x.com\/blaettlermartin","https:\/\/www.instagram.com\/gymperformance\/","https:\/\/www.linkedin.com\/in\/martinblaettler\/","https:\/\/www.pinterest.com\/blaettlermartin\/","https:\/\/twitter.com\/blaettlermartin","https:\/\/www.youtube.com\/@GymPerformance\/"]}]}},"_links":{"self":[{"href":"https:\/\/gymperformance.ch\/en\/wp-json\/wp\/v2\/product\/14291"}],"collection":[{"href":"https:\/\/gymperformance.ch\/en\/wp-json\/wp\/v2\/product"}],"about":[{"href":"https:\/\/gymperformance.ch\/en\/wp-json\/wp\/v2\/types\/product"}],"replies":[{"embeddable":true,"href":"https:\/\/gymperformance.ch\/en\/wp-json\/wp\/v2\/comments?post=14291"}],"wp:featuredmedia":[{"embeddable":true,"href":"https:\/\/gymperformance.ch\/en\/wp-json\/wp\/v2\/media\/14295"}],"wp:attachment":[{"href":"https:\/\/gymperformance.ch\/en\/wp-json\/wp\/v2\/media?parent=14291"}],"wp:term":[{"taxonomy":"product_cat","embeddable":true,"href":"https:\/\/gymperformance.ch\/en\/wp-json\/wp\/v2\/product_cat?post=14291"},{"taxonomy":"product_tag","embeddable":true,"href":"https:\/\/gymperformance.ch\/en\/wp-json\/wp\/v2\/product_tag?post=14291"}],"curies":[{"name":"wp","href":"https:\/\/api.w.org\/{rel}","templated":true}]}}