{"id":11991,"date":"2015-12-25T18:52:25","date_gmt":"2015-12-25T18:52:25","guid":{"rendered":"http:\/\/gymperformance.ch\/?post_type=product&#038;p=11991"},"modified":"2020-03-17T23:20:32","modified_gmt":"2020-03-17T23:20:32","slug":"beach-body-home-workout","status":"publish","type":"product","link":"https:\/\/gymperformance.ch\/en\/product\/beach-body-home-workout\/","title":{"rendered":"Beach Body Home Workout"},"content":{"rendered":"<h1>Beach Body Home Workout \u2013 Get Fit in 90 Days or Less or Your Money Back<\/h1>\n<p><strong>The beach body home workout teaches you how to get fit for summer in less than 90 days.<\/strong><\/p>\n<p>Have you indulged yourself a bit too much over Christmas holiday and you feel annoyed about unwanted body fat your body has taken on?<\/p>\n<p>Are you concerned about your actual condition and need a guidance on how to get in shape?<\/p>\n<p>Do you want to get rid of body fat in a short period of time without spending hours working out?<\/p>\n<p>Do you want a beach body and get fit for summer on the go without going the gym?<\/p>\n<p>The Beach Body Home Workout will allow you to drop body fat, but also gain muscle at the same time, to get quick guaranteed results.<\/p>\n<p>Whether you run your own business, have a very tight work schedule, want spend time with family and friends, these activities are indeed very time-consuming. Going to the gym is a big pain as you can\u2019t fit a gym visit into your full diary. With the revolutionary Beach Body\u00a0 Home\u00a0 Workout Program, 4 short yet efficient workout sessions a week is enough to provide results.<\/p>\n<p>Best of all , you do not require a gym membership or any fitness equipment.The Beach Body routine can be done with your bodyweight only and with help of regular household items . In fact, with the Beach Body Home Workout, you turn your own home into your personal fitness center.<\/p>\n<p><strong>Train anywhere, anytime and at any place. This is the ideal fitness program for busy people on the go! <\/strong><\/p>\n<p>By following this weight loss fitness program, you\u00a0 don\u2019t even have to count calories! The included meal plan will tell you exactly how much food, and also at what time, you are allowed to eat in order to lose body fat. Simple but effective!<\/p>\n<p>In less than 90 days, your body will drastically change and I guarantee your friends will notice it. Slimmer waist, toned muscles and depending on your actual form, you\u2019ll see the abdominals in the end of the program, the so-called sixpack.<\/p>\n<span class=\"et_bloom_bottom_trigger\"><\/span>","protected":false},"excerpt":{"rendered":"<p>Beach Body Home Workout \u2013 Get Fit in 90 Days or Less or Your Money Back The beach body home workout teaches you how to get fit for summer in less than 90 days. Have you indulged yourself a bit too much over Christmas holiday and you feel annoyed about unwanted body fat your body [&hellip;]<\/p>\n","protected":false},"featured_media":11992,"comment_status":"open","ping_status":"closed","template":"","meta":{"_et_pb_use_builder":"","_et_pb_old_content":"","_et_gb_content_width":""},"product_cat":[174],"product_tag":[],"yoast_head":"<!-- This site is optimized with the Yoast SEO plugin v24.5 - https:\/\/yoast.com\/wordpress\/plugins\/seo\/ -->\n<title>Beach Body Home Workout - GymPerformance<\/title>\n<meta name=\"description\" content=\"Beach Body Home Workout \u2013 Get Fit in 90 Days or Less or Your Money Back! Results guaranteed. No gym required! Perfect for people on the go!\" \/>\n<meta name=\"robots\" content=\"index, follow, max-snippet:-1, max-image-preview:large, max-video-preview:-1\" \/>\n<link rel=\"canonical\" href=\"https:\/\/gymperformance.ch\/en\/product\/beach-body-home-workout\/\" \/>\n<meta property=\"og:locale\" content=\"en_US\" \/>\n<meta property=\"og:type\" content=\"article\" \/>\n<meta property=\"og:title\" content=\"Beach Body Home Workout - GymPerformance\" \/>\n<meta property=\"og:description\" content=\"Beach Body Home Workout \u2013 Get Fit in 90 Days or Less or Your Money Back! Results guaranteed. No gym required! Perfect for people on the go!\" \/>\n<meta property=\"og:url\" content=\"https:\/\/gymperformance.ch\/en\/product\/beach-body-home-workout\/\" \/>\n<meta property=\"og:site_name\" content=\"GymPerformance\" \/>\n<meta property=\"article:publisher\" content=\"https:\/\/www.facebook.com\/GymPerf\/\" \/>\n<meta property=\"article:modified_time\" content=\"2020-03-17T23:20:32+00:00\" \/>\n<meta property=\"og:image\" content=\"https:\/\/gymperformance.ch\/wp-content\/uploads\/2015\/12\/Beach-Body-Home-Workout-eBook.jpg\" \/>\n\t<meta property=\"og:image:width\" content=\"450\" \/>\n\t<meta property=\"og:image:height\" content=\"461\" \/>\n\t<meta property=\"og:image:type\" content=\"image\/jpeg\" \/>\n<meta name=\"twitter:label1\" content=\"Est. reading time\" \/>\n\t<meta name=\"twitter:data1\" content=\"2 minutes\" \/>\n<script type=\"application\/ld+json\" class=\"yoast-schema-graph\">{\"@context\":\"https:\/\/schema.org\",\"@graph\":[{\"@type\":\"WebPage\",\"@id\":\"https:\/\/gymperformance.ch\/en\/product\/beach-body-home-workout\/\",\"url\":\"https:\/\/gymperformance.ch\/en\/product\/beach-body-home-workout\/\",\"name\":\"Beach Body Home Workout - GymPerformance\",\"isPartOf\":{\"@id\":\"https:\/\/gymperformance.ch\/#website\"},\"primaryImageOfPage\":{\"@id\":\"https:\/\/gymperformance.ch\/en\/product\/beach-body-home-workout\/#primaryimage\"},\"image\":{\"@id\":\"https:\/\/gymperformance.ch\/en\/product\/beach-body-home-workout\/#primaryimage\"},\"thumbnailUrl\":\"https:\/\/gymperformance.ch\/wp-content\/uploads\/2015\/12\/Beach-Body-Home-Workout-eBook.jpg\",\"datePublished\":\"2015-12-25T18:52:25+00:00\",\"dateModified\":\"2020-03-17T23:20:32+00:00\",\"description\":\"Beach Body Home Workout \u2013 Get Fit in 90 Days or Less or Your Money Back! Results guaranteed. No gym required! Perfect for people on the go!\",\"breadcrumb\":{\"@id\":\"https:\/\/gymperformance.ch\/en\/product\/beach-body-home-workout\/#breadcrumb\"},\"inLanguage\":\"en-US\",\"potentialAction\":[{\"@type\":\"ReadAction\",\"target\":[\"https:\/\/gymperformance.ch\/en\/product\/beach-body-home-workout\/\"]}]},{\"@type\":\"ImageObject\",\"inLanguage\":\"en-US\",\"@id\":\"https:\/\/gymperformance.ch\/en\/product\/beach-body-home-workout\/#primaryimage\",\"url\":\"https:\/\/gymperformance.ch\/wp-content\/uploads\/2015\/12\/Beach-Body-Home-Workout-eBook.jpg\",\"contentUrl\":\"https:\/\/gymperformance.ch\/wp-content\/uploads\/2015\/12\/Beach-Body-Home-Workout-eBook.jpg\",\"width\":450,\"height\":461,\"caption\":\"Beach Body Home Workout\"},{\"@type\":\"BreadcrumbList\",\"@id\":\"https:\/\/gymperformance.ch\/en\/product\/beach-body-home-workout\/#breadcrumb\",\"itemListElement\":[{\"@type\":\"ListItem\",\"position\":1,\"name\":\"Home\",\"item\":\"https:\/\/gymperformance.ch\/en\/entrepreneur\/\"},{\"@type\":\"ListItem\",\"position\":2,\"name\":\"Shop\",\"item\":\"https:\/\/gymperformance.ch\/en\/shop\/\"},{\"@type\":\"ListItem\",\"position\":3,\"name\":\"Beach Body Home Workout\"}]},{\"@type\":\"WebSite\",\"@id\":\"https:\/\/gymperformance.ch\/#website\",\"url\":\"https:\/\/gymperformance.ch\/\",\"name\":\"GymPerformance\",\"description\":\"| Online Fitness f\u00fcr F\u00fchrungskr\u00e4fte und V\u00e4ter\",\"publisher\":{\"@id\":\"https:\/\/gymperformance.ch\/#organization\"},\"alternateName\":\"Fitness f\u00fcr Unternehmer und vielbesch\u00e4ftigte V\u00e4ter\",\"potentialAction\":[{\"@type\":\"SearchAction\",\"target\":{\"@type\":\"EntryPoint\",\"urlTemplate\":\"https:\/\/gymperformance.ch\/?s={search_term_string}\"},\"query-input\":{\"@type\":\"PropertyValueSpecification\",\"valueRequired\":true,\"valueName\":\"search_term_string\"}}],\"inLanguage\":\"en-US\"},{\"@type\":\"Organization\",\"@id\":\"https:\/\/gymperformance.ch\/#organization\",\"name\":\"GymPerformance\",\"alternateName\":\"Martin Bl\u00e4ttler\",\"url\":\"https:\/\/gymperformance.ch\/\",\"logo\":{\"@type\":\"ImageObject\",\"inLanguage\":\"en-US\",\"@id\":\"https:\/\/gymperformance.ch\/#\/schema\/logo\/image\/\",\"url\":\"https:\/\/gymperformance.ch\/wp-content\/uploads\/2022\/02\/GYM_PERFORMANCE_LOGO_BLACK.png\",\"contentUrl\":\"https:\/\/gymperformance.ch\/wp-content\/uploads\/2022\/02\/GYM_PERFORMANCE_LOGO_BLACK.png\",\"width\":1770,\"height\":299,\"caption\":\"GymPerformance\"},\"image\":{\"@id\":\"https:\/\/gymperformance.ch\/#\/schema\/logo\/image\/\"},\"sameAs\":[\"https:\/\/www.facebook.com\/GymPerf\/\",\"https:\/\/x.com\/blaettlermartin\",\"https:\/\/www.instagram.com\/gymperformance\/\",\"https:\/\/www.linkedin.com\/in\/martinblaettler\/\",\"https:\/\/www.pinterest.com\/blaettlermartin\/\",\"https:\/\/twitter.com\/blaettlermartin\",\"https:\/\/www.youtube.com\/@GymPerformance\/\"]}]}<\/script>\n<!-- \/ Yoast SEO plugin. -->","yoast_head_json":{"title":"Beach Body Home Workout - GymPerformance","description":"Beach Body Home Workout \u2013 Get Fit in 90 Days or Less or Your Money Back! Results guaranteed. No gym required! Perfect for people on the go!","robots":{"index":"index","follow":"follow","max-snippet":"max-snippet:-1","max-image-preview":"max-image-preview:large","max-video-preview":"max-video-preview:-1"},"canonical":"https:\/\/gymperformance.ch\/en\/product\/beach-body-home-workout\/","og_locale":"en_US","og_type":"article","og_title":"Beach Body Home Workout - GymPerformance","og_description":"Beach Body Home Workout \u2013 Get Fit in 90 Days or Less or Your Money Back! Results guaranteed. No gym required! Perfect for people on the go!","og_url":"https:\/\/gymperformance.ch\/en\/product\/beach-body-home-workout\/","og_site_name":"GymPerformance","article_publisher":"https:\/\/www.facebook.com\/GymPerf\/","article_modified_time":"2020-03-17T23:20:32+00:00","og_image":[{"width":450,"height":461,"url":"https:\/\/gymperformance.ch\/wp-content\/uploads\/2015\/12\/Beach-Body-Home-Workout-eBook.jpg","type":"image\/jpeg"}],"twitter_misc":{"Est. reading time":"2 minutes"},"schema":{"@context":"https:\/\/schema.org","@graph":[{"@type":"WebPage","@id":"https:\/\/gymperformance.ch\/en\/product\/beach-body-home-workout\/","url":"https:\/\/gymperformance.ch\/en\/product\/beach-body-home-workout\/","name":"Beach Body Home Workout - GymPerformance","isPartOf":{"@id":"https:\/\/gymperformance.ch\/#website"},"primaryImageOfPage":{"@id":"https:\/\/gymperformance.ch\/en\/product\/beach-body-home-workout\/#primaryimage"},"image":{"@id":"https:\/\/gymperformance.ch\/en\/product\/beach-body-home-workout\/#primaryimage"},"thumbnailUrl":"https:\/\/gymperformance.ch\/wp-content\/uploads\/2015\/12\/Beach-Body-Home-Workout-eBook.jpg","datePublished":"2015-12-25T18:52:25+00:00","dateModified":"2020-03-17T23:20:32+00:00","description":"Beach Body Home Workout \u2013 Get Fit in 90 Days or Less or Your Money Back! Results guaranteed. No gym required! Perfect for people on the go!","breadcrumb":{"@id":"https:\/\/gymperformance.ch\/en\/product\/beach-body-home-workout\/#breadcrumb"},"inLanguage":"en-US","potentialAction":[{"@type":"ReadAction","target":["https:\/\/gymperformance.ch\/en\/product\/beach-body-home-workout\/"]}]},{"@type":"ImageObject","inLanguage":"en-US","@id":"https:\/\/gymperformance.ch\/en\/product\/beach-body-home-workout\/#primaryimage","url":"https:\/\/gymperformance.ch\/wp-content\/uploads\/2015\/12\/Beach-Body-Home-Workout-eBook.jpg","contentUrl":"https:\/\/gymperformance.ch\/wp-content\/uploads\/2015\/12\/Beach-Body-Home-Workout-eBook.jpg","width":450,"height":461,"caption":"Beach Body Home Workout"},{"@type":"BreadcrumbList","@id":"https:\/\/gymperformance.ch\/en\/product\/beach-body-home-workout\/#breadcrumb","itemListElement":[{"@type":"ListItem","position":1,"name":"Home","item":"https:\/\/gymperformance.ch\/en\/entrepreneur\/"},{"@type":"ListItem","position":2,"name":"Shop","item":"https:\/\/gymperformance.ch\/en\/shop\/"},{"@type":"ListItem","position":3,"name":"Beach Body Home Workout"}]},{"@type":"WebSite","@id":"https:\/\/gymperformance.ch\/#website","url":"https:\/\/gymperformance.ch\/","name":"GymPerformance","description":"| Online Fitness f\u00fcr F\u00fchrungskr\u00e4fte und V\u00e4ter","publisher":{"@id":"https:\/\/gymperformance.ch\/#organization"},"alternateName":"Fitness f\u00fcr Unternehmer und vielbesch\u00e4ftigte V\u00e4ter","potentialAction":[{"@type":"SearchAction","target":{"@type":"EntryPoint","urlTemplate":"https:\/\/gymperformance.ch\/?s={search_term_string}"},"query-input":{"@type":"PropertyValueSpecification","valueRequired":true,"valueName":"search_term_string"}}],"inLanguage":"en-US"},{"@type":"Organization","@id":"https:\/\/gymperformance.ch\/#organization","name":"GymPerformance","alternateName":"Martin Bl\u00e4ttler","url":"https:\/\/gymperformance.ch\/","logo":{"@type":"ImageObject","inLanguage":"en-US","@id":"https:\/\/gymperformance.ch\/#\/schema\/logo\/image\/","url":"https:\/\/gymperformance.ch\/wp-content\/uploads\/2022\/02\/GYM_PERFORMANCE_LOGO_BLACK.png","contentUrl":"https:\/\/gymperformance.ch\/wp-content\/uploads\/2022\/02\/GYM_PERFORMANCE_LOGO_BLACK.png","width":1770,"height":299,"caption":"GymPerformance"},"image":{"@id":"https:\/\/gymperformance.ch\/#\/schema\/logo\/image\/"},"sameAs":["https:\/\/www.facebook.com\/GymPerf\/","https:\/\/x.com\/blaettlermartin","https:\/\/www.instagram.com\/gymperformance\/","https:\/\/www.linkedin.com\/in\/martinblaettler\/","https:\/\/www.pinterest.com\/blaettlermartin\/","https:\/\/twitter.com\/blaettlermartin","https:\/\/www.youtube.com\/@GymPerformance\/"]}]}},"_links":{"self":[{"href":"https:\/\/gymperformance.ch\/en\/wp-json\/wp\/v2\/product\/11991"}],"collection":[{"href":"https:\/\/gymperformance.ch\/en\/wp-json\/wp\/v2\/product"}],"about":[{"href":"https:\/\/gymperformance.ch\/en\/wp-json\/wp\/v2\/types\/product"}],"replies":[{"embeddable":true,"href":"https:\/\/gymperformance.ch\/en\/wp-json\/wp\/v2\/comments?post=11991"}],"wp:featuredmedia":[{"embeddable":true,"href":"https:\/\/gymperformance.ch\/en\/wp-json\/wp\/v2\/media\/11992"}],"wp:attachment":[{"href":"https:\/\/gymperformance.ch\/en\/wp-json\/wp\/v2\/media?parent=11991"}],"wp:term":[{"taxonomy":"product_cat","embeddable":true,"href":"https:\/\/gymperformance.ch\/en\/wp-json\/wp\/v2\/product_cat?post=11991"},{"taxonomy":"product_tag","embeddable":true,"href":"https:\/\/gymperformance.ch\/en\/wp-json\/wp\/v2\/product_tag?post=11991"}],"curies":[{"name":"wp","href":"https:\/\/api.w.org\/{rel}","templated":true}]}}