{"id":35630,"date":"2023-04-19T23:54:53","date_gmt":"2023-04-19T23:54:53","guid":{"rendered":"https:\/\/gymperformance.ch\/?page_id=35630"},"modified":"2023-04-20T00:31:39","modified_gmt":"2023-04-20T00:31:39","slug":"3-hacks-to-improve-sleep","status":"publish","type":"page","link":"https:\/\/gymperformance.ch\/en\/3-hacks-to-improve-sleep\/","title":{"rendered":"3 Hacks To Improve Sleep"},"content":{"rendered":"<p>[et_pb_section fb_built=&#8221;1&#8243; custom_padding_last_edited=&#8221;on|tablet&#8221; _builder_version=&#8221;4.16&#8243; use_background_color_gradient=&#8221;on&#8221; background_color_gradient_stops=&#8221;#ffffff 1%|#0c71c3 100%&#8221; background_enable_image=&#8221;off&#8221; background_position=&#8221;top_left&#8221; background_blend=&#8221;darken&#8221; height=&#8221;1080px&#8221; height_tablet=&#8221;&#8221; height_phone=&#8221;&#8221; height_last_edited=&#8221;on|desktop&#8221; custom_padding=&#8221;20px||||false|false&#8221; custom_padding_tablet=&#8221;&#8221; custom_padding_phone=&#8221;0px||||false|false&#8221; filter_invert=&#8221;6%&#8221; global_colors_info=&#8221;{}&#8221;][et_pb_row column_structure=&#8221;1_2,1_2&#8243; _builder_version=&#8221;4.16&#8243; global_colors_info=&#8221;{}&#8221;][et_pb_column type=&#8221;1_2&#8243; _builder_version=&#8221;4.16&#8243; global_colors_info=&#8221;{}&#8221;][et_pb_signup provider=&#8221;activecampaign&#8221; activecampaign_list=&#8221;AC|21&#8243; first_name_field=&#8221;off&#8221; last_name_field=&#8221;off&#8221; success_message=&#8221;Your E-Book Is On The Way! Please Check Your Inbox.&#8221; title=&#8221;Your FREE EBOOK:&#8221; button_text=&#8221;Get Access&#8221; description=&#8221;<\/p>\n<h3 style=%22text-align: center;%22><\/h3>\n<h3 style=%22text-align: center;%22><b><u>3 HACKS TO<br \/>IMPROVE SLEEP QUALITY<\/u><\/b><\/h3>\n<h3 style=%22text-align: center;%22><span>Unlock the key to better sleep with our free eBook.<\/span><\/h3>\n<h3 style=%22text-align: center;%22><span> Say goodbye to tossing and turning all night and hello to peaceful, restful sleep.<\/span><\/h3>\n<p style=%22text-align: center;%22>Enter Your Email Below To Receive Your Ebook!<\/p>\n<p>&#8221; _builder_version=&#8221;4.20.4&#8243; form_field_background_color=&#8221;#ffffff&#8221; form_field_text_color=&#8221;#000000&#8243; form_field_focus_background_color=&#8221;#ffffff&#8221; form_field_focus_text_color=&#8221;#000000&#8243; header_level=&#8221;h1&#8243; header_font=&#8221;Poppins|700|||||||&#8221; header_text_align=&#8221;center&#8221; header_font_size=&#8221;29px&#8221; body_font=&#8221;Poppins||||||||&#8221; background_color=&#8221;#0c71c3&#8243; custom_button=&#8221;on&#8221; button_text_color=&#8221;#ffffff&#8221; button_border_color=&#8221;#ffffff&#8221; width=&#8221;99.3%&#8221; custom_margin=&#8221;50px||||false|false&#8221; hover_enabled=&#8221;0&#8243; global_colors_info=&#8221;{}&#8221; sticky_enabled=&#8221;0&#8243;][\/et_pb_signup][\/et_pb_column][et_pb_column type=&#8221;1_2&#8243; _builder_version=&#8221;4.16&#8243; global_colors_info=&#8221;{}&#8221;][et_pb_image src=&#8221;https:\/\/gymperformance.ch\/wp-content\/uploads\/2023\/04\/tabllet_phone-1.png&#8221; alt=&#8221;3 Hacks to Improve Sleep Quality&#8221; title_text=&#8221;3 Hacks to Improve Sleep Quality&#8221; align=&#8221;center&#8221; force_fullwidth=&#8221;on&#8221; _builder_version=&#8221;4.20.4&#8243; min_height=&#8221;66px&#8221; custom_margin=&#8221;100px|||30px|false|false&#8221; custom_margin_tablet=&#8221;|||0px|false|false&#8221; custom_margin_phone=&#8221;-20px|||0px|false|false&#8221; custom_margin_last_edited=&#8221;on|phone&#8221; custom_padding=&#8221;||||false|false&#8221; hover_enabled=&#8221;0&#8243; global_colors_info=&#8221;{}&#8221; sticky_enabled=&#8221;0&#8243;][\/et_pb_image][\/et_pb_column][\/et_pb_row][\/et_pb_section]<\/p>\n<span class=\"et_bloom_bottom_trigger\"><\/span>","protected":false},"excerpt":{"rendered":"","protected":false},"author":1,"featured_media":0,"parent":0,"menu_order":0,"comment_status":"closed","ping_status":"closed","template":"page-template-blank.php","meta":{"_et_pb_use_builder":"on","_et_pb_old_content":"","_et_gb_content_width":"","footnotes":""},"yoast_head":"<!-- This site is optimized with the Yoast SEO plugin v24.5 - https:\/\/yoast.com\/wordpress\/plugins\/seo\/ -->\n<title>3 Hacks To Improve Sleep - GymPerformance<\/title>\n<meta name=\"description\" content=\"Discover the secrets to a good night&#039;s sleep with &#039;3 Hacks for Better Sleep.&#039; This insightful guide offers practical tips and techniques to help you improve your sleep quality and wake up feeling refreshed.\" \/>\n<meta name=\"robots\" content=\"index, follow, max-snippet:-1, max-image-preview:large, max-video-preview:-1\" \/>\n<link rel=\"canonical\" href=\"https:\/\/gymperformance.ch\/en\/3-hacks-to-improve-sleep\/\" \/>\n<meta property=\"og:locale\" content=\"en_US\" \/>\n<meta property=\"og:type\" content=\"article\" \/>\n<meta property=\"og:title\" content=\"3 Hacks To Improve Sleep - GymPerformance\" \/>\n<meta property=\"og:description\" content=\"Discover the secrets to a good night&#039;s sleep with &#039;3 Hacks for Better Sleep.&#039; This insightful guide offers practical tips and techniques to help you improve your sleep quality and wake up feeling refreshed.\" \/>\n<meta property=\"og:url\" content=\"https:\/\/gymperformance.ch\/en\/3-hacks-to-improve-sleep\/\" \/>\n<meta property=\"og:site_name\" content=\"GymPerformance\" \/>\n<meta property=\"article:publisher\" content=\"https:\/\/www.facebook.com\/GymPerf\/\" \/>\n<meta property=\"article:modified_time\" content=\"2023-04-20T00:31:39+00:00\" \/>\n<meta property=\"og:image\" content=\"https:\/\/gymperformance.ch\/wp-content\/uploads\/2022\/11\/GymPerformance-Fitness-fur-Entrepreneurs-und-Vater-Copy.png\" \/>\n\t<meta property=\"og:image:width\" content=\"1000\" \/>\n\t<meta property=\"og:image:height\" content=\"1000\" \/>\n\t<meta property=\"og:image:type\" content=\"image\/png\" \/>\n<meta name=\"twitter:label1\" content=\"Est. reading time\" \/>\n\t<meta name=\"twitter:data1\" content=\"1 minute\" \/>\n<script type=\"application\/ld+json\" class=\"yoast-schema-graph\">{\"@context\":\"https:\/\/schema.org\",\"@graph\":[{\"@type\":\"WebPage\",\"@id\":\"https:\/\/gymperformance.ch\/en\/3-hacks-to-improve-sleep\/\",\"url\":\"https:\/\/gymperformance.ch\/en\/3-hacks-to-improve-sleep\/\",\"name\":\"3 Hacks To Improve Sleep - GymPerformance\",\"isPartOf\":{\"@id\":\"https:\/\/gymperformance.ch\/#website\"},\"datePublished\":\"2023-04-19T23:54:53+00:00\",\"dateModified\":\"2023-04-20T00:31:39+00:00\",\"description\":\"Discover the secrets to a good night's sleep with '3 Hacks for Better Sleep.' This insightful guide offers practical tips and techniques to help you improve your sleep quality and wake up feeling refreshed.\",\"breadcrumb\":{\"@id\":\"https:\/\/gymperformance.ch\/en\/3-hacks-to-improve-sleep\/#breadcrumb\"},\"inLanguage\":\"en-US\",\"potentialAction\":[{\"@type\":\"ReadAction\",\"target\":[\"https:\/\/gymperformance.ch\/en\/3-hacks-to-improve-sleep\/\"]}]},{\"@type\":\"BreadcrumbList\",\"@id\":\"https:\/\/gymperformance.ch\/en\/3-hacks-to-improve-sleep\/#breadcrumb\",\"itemListElement\":[{\"@type\":\"ListItem\",\"position\":1,\"name\":\"Home\",\"item\":\"https:\/\/gymperformance.ch\/en\/entrepreneur\/\"},{\"@type\":\"ListItem\",\"position\":2,\"name\":\"3 Hacks To Improve Sleep\"}]},{\"@type\":\"WebSite\",\"@id\":\"https:\/\/gymperformance.ch\/#website\",\"url\":\"https:\/\/gymperformance.ch\/\",\"name\":\"GymPerformance\",\"description\":\"| Online Fitness f\u00fcr F\u00fchrungskr\u00e4fte und V\u00e4ter\",\"publisher\":{\"@id\":\"https:\/\/gymperformance.ch\/#organization\"},\"alternateName\":\"Fitness f\u00fcr Unternehmer und vielbesch\u00e4ftigte V\u00e4ter\",\"potentialAction\":[{\"@type\":\"SearchAction\",\"target\":{\"@type\":\"EntryPoint\",\"urlTemplate\":\"https:\/\/gymperformance.ch\/?s={search_term_string}\"},\"query-input\":{\"@type\":\"PropertyValueSpecification\",\"valueRequired\":true,\"valueName\":\"search_term_string\"}}],\"inLanguage\":\"en-US\"},{\"@type\":\"Organization\",\"@id\":\"https:\/\/gymperformance.ch\/#organization\",\"name\":\"GymPerformance\",\"alternateName\":\"Martin Bl\u00e4ttler\",\"url\":\"https:\/\/gymperformance.ch\/\",\"logo\":{\"@type\":\"ImageObject\",\"inLanguage\":\"en-US\",\"@id\":\"https:\/\/gymperformance.ch\/#\/schema\/logo\/image\/\",\"url\":\"https:\/\/gymperformance.ch\/wp-content\/uploads\/2022\/02\/GYM_PERFORMANCE_LOGO_BLACK.png\",\"contentUrl\":\"https:\/\/gymperformance.ch\/wp-content\/uploads\/2022\/02\/GYM_PERFORMANCE_LOGO_BLACK.png\",\"width\":1770,\"height\":299,\"caption\":\"GymPerformance\"},\"image\":{\"@id\":\"https:\/\/gymperformance.ch\/#\/schema\/logo\/image\/\"},\"sameAs\":[\"https:\/\/www.facebook.com\/GymPerf\/\",\"https:\/\/x.com\/blaettlermartin\",\"https:\/\/www.instagram.com\/gymperformance\/\",\"https:\/\/www.linkedin.com\/in\/martinblaettler\/\",\"https:\/\/www.pinterest.com\/blaettlermartin\/\",\"https:\/\/twitter.com\/blaettlermartin\",\"https:\/\/www.youtube.com\/@GymPerformance\/\"]}]}<\/script>\n<!-- \/ Yoast SEO plugin. -->","yoast_head_json":{"title":"3 Hacks To Improve Sleep - GymPerformance","description":"Discover the secrets to a good night's sleep with '3 Hacks for Better Sleep.' This insightful guide offers practical tips and techniques to help you improve your sleep quality and wake up feeling refreshed.","robots":{"index":"index","follow":"follow","max-snippet":"max-snippet:-1","max-image-preview":"max-image-preview:large","max-video-preview":"max-video-preview:-1"},"canonical":"https:\/\/gymperformance.ch\/en\/3-hacks-to-improve-sleep\/","og_locale":"en_US","og_type":"article","og_title":"3 Hacks To Improve Sleep - GymPerformance","og_description":"Discover the secrets to a good night's sleep with '3 Hacks for Better Sleep.' This insightful guide offers practical tips and techniques to help you improve your sleep quality and wake up feeling refreshed.","og_url":"https:\/\/gymperformance.ch\/en\/3-hacks-to-improve-sleep\/","og_site_name":"GymPerformance","article_publisher":"https:\/\/www.facebook.com\/GymPerf\/","article_modified_time":"2023-04-20T00:31:39+00:00","og_image":[{"width":1000,"height":1000,"url":"https:\/\/gymperformance.ch\/wp-content\/uploads\/2022\/11\/GymPerformance-Fitness-fur-Entrepreneurs-und-Vater-Copy.png","type":"image\/png"}],"twitter_misc":{"Est. reading time":"1 minute"},"schema":{"@context":"https:\/\/schema.org","@graph":[{"@type":"WebPage","@id":"https:\/\/gymperformance.ch\/en\/3-hacks-to-improve-sleep\/","url":"https:\/\/gymperformance.ch\/en\/3-hacks-to-improve-sleep\/","name":"3 Hacks To Improve Sleep - GymPerformance","isPartOf":{"@id":"https:\/\/gymperformance.ch\/#website"},"datePublished":"2023-04-19T23:54:53+00:00","dateModified":"2023-04-20T00:31:39+00:00","description":"Discover the secrets to a good night's sleep with '3 Hacks for Better Sleep.' This insightful guide offers practical tips and techniques to help you improve your sleep quality and wake up feeling refreshed.","breadcrumb":{"@id":"https:\/\/gymperformance.ch\/en\/3-hacks-to-improve-sleep\/#breadcrumb"},"inLanguage":"en-US","potentialAction":[{"@type":"ReadAction","target":["https:\/\/gymperformance.ch\/en\/3-hacks-to-improve-sleep\/"]}]},{"@type":"BreadcrumbList","@id":"https:\/\/gymperformance.ch\/en\/3-hacks-to-improve-sleep\/#breadcrumb","itemListElement":[{"@type":"ListItem","position":1,"name":"Home","item":"https:\/\/gymperformance.ch\/en\/entrepreneur\/"},{"@type":"ListItem","position":2,"name":"3 Hacks To Improve Sleep"}]},{"@type":"WebSite","@id":"https:\/\/gymperformance.ch\/#website","url":"https:\/\/gymperformance.ch\/","name":"GymPerformance","description":"| Online Fitness f\u00fcr F\u00fchrungskr\u00e4fte und V\u00e4ter","publisher":{"@id":"https:\/\/gymperformance.ch\/#organization"},"alternateName":"Fitness f\u00fcr Unternehmer und vielbesch\u00e4ftigte V\u00e4ter","potentialAction":[{"@type":"SearchAction","target":{"@type":"EntryPoint","urlTemplate":"https:\/\/gymperformance.ch\/?s={search_term_string}"},"query-input":{"@type":"PropertyValueSpecification","valueRequired":true,"valueName":"search_term_string"}}],"inLanguage":"en-US"},{"@type":"Organization","@id":"https:\/\/gymperformance.ch\/#organization","name":"GymPerformance","alternateName":"Martin Bl\u00e4ttler","url":"https:\/\/gymperformance.ch\/","logo":{"@type":"ImageObject","inLanguage":"en-US","@id":"https:\/\/gymperformance.ch\/#\/schema\/logo\/image\/","url":"https:\/\/gymperformance.ch\/wp-content\/uploads\/2022\/02\/GYM_PERFORMANCE_LOGO_BLACK.png","contentUrl":"https:\/\/gymperformance.ch\/wp-content\/uploads\/2022\/02\/GYM_PERFORMANCE_LOGO_BLACK.png","width":1770,"height":299,"caption":"GymPerformance"},"image":{"@id":"https:\/\/gymperformance.ch\/#\/schema\/logo\/image\/"},"sameAs":["https:\/\/www.facebook.com\/GymPerf\/","https:\/\/x.com\/blaettlermartin","https:\/\/www.instagram.com\/gymperformance\/","https:\/\/www.linkedin.com\/in\/martinblaettler\/","https:\/\/www.pinterest.com\/blaettlermartin\/","https:\/\/twitter.com\/blaettlermartin","https:\/\/www.youtube.com\/@GymPerformance\/"]}]}},"_links":{"self":[{"href":"https:\/\/gymperformance.ch\/en\/wp-json\/wp\/v2\/pages\/35630"}],"collection":[{"href":"https:\/\/gymperformance.ch\/en\/wp-json\/wp\/v2\/pages"}],"about":[{"href":"https:\/\/gymperformance.ch\/en\/wp-json\/wp\/v2\/types\/page"}],"author":[{"embeddable":true,"href":"https:\/\/gymperformance.ch\/en\/wp-json\/wp\/v2\/users\/1"}],"replies":[{"embeddable":true,"href":"https:\/\/gymperformance.ch\/en\/wp-json\/wp\/v2\/comments?post=35630"}],"version-history":[{"count":5,"href":"https:\/\/gymperformance.ch\/en\/wp-json\/wp\/v2\/pages\/35630\/revisions"}],"predecessor-version":[{"id":35641,"href":"https:\/\/gymperformance.ch\/en\/wp-json\/wp\/v2\/pages\/35630\/revisions\/35641"}],"wp:attachment":[{"href":"https:\/\/gymperformance.ch\/en\/wp-json\/wp\/v2\/media?parent=35630"}],"curies":[{"name":"wp","href":"https:\/\/api.w.org\/{rel}","templated":true}]}}