{"id":32467,"date":"2020-12-18T16:30:27","date_gmt":"2020-12-18T16:30:27","guid":{"rendered":"https:\/\/gymperformance.ch\/?page_id=32467"},"modified":"2025-08-06T09:41:13","modified_gmt":"2025-08-06T09:41:13","slug":"terms","status":"publish","type":"page","link":"https:\/\/gymperformance.ch\/en\/terms\/","title":{"rendered":"Terms of Service"},"content":{"rendered":"<p>[et_pb_section fb_built=&#8221;1&#8243; _builder_version=&#8221;4.16&#8243; global_colors_info=&#8221;{}&#8221;][et_pb_row _builder_version=&#8221;4.16&#8243; background_size=&#8221;initial&#8221; background_position=&#8221;top_left&#8221; background_repeat=&#8221;repeat&#8221; global_colors_info=&#8221;{}&#8221;][et_pb_column type=&#8221;4_4&#8243; _builder_version=&#8221;4.16&#8243; custom_padding=&#8221;|||&#8221; global_colors_info=&#8221;{}&#8221; custom_padding__hover=&#8221;|||&#8221;][et_pb_text _builder_version=&#8221;4.16&#8243; global_colors_info=&#8221;{}&#8221;]<\/p>\n<h1>Terms of Service<\/h1>\n<h2>Payment terms<\/h2>\n<p>Payment is due before the training session (bank transfer, credit card VISA\/MasterCard). In the case of a subscription, the first premium must be transferred when taking out the subscription. The prices indicated include VAT. The price does not include any rental of premises (sports halls, fitness centers, indoor swimming pools, sports facilities, etc.).<\/p>\n<h2>Cancellation terms<\/h2>\n<p>Appointments can be canceled up to 24 hours in advance at no cost. After that, 50% of the costs will be charged. Training units can be canceled by Martin Bl\u00e4ttler up to 24 hours in advance if the number of participants is insufficient. No training will be refunded.<\/p>\n<h2>Minimum contract duration<\/h2>\n<p>For online coaching, the minimum contract period is 3 months from the subscription date. The subscription can then be canceled at any time with a notice period of 4 weeks.<\/p>\n<h2>Insurance<\/h2>\n<p>Insurance is the responsibility of the participant. Martin Bl\u00e4ttler rejects any liability for accidents and illnesses.<\/p>\n<h3>Disclaimer of liability<\/h3>\n<p>Training with Martin Bl\u00e4ttler is at your own risk. All claims \u2013 of whatever kind \u2013 arising from damage, injuries or consequential damages are expressly waived in connection with participation in a service offer from Martin Bl\u00e4ttler Training. Martin Bl\u00e4ttler also accepts no liability for property damage. The customer assures that s\/he is in good health. S\/he makes sure of this from his\/her doctor. Failure to do this is at his\/her own risk. Martin Bl\u00e4ttler assumes no liability for health risks, including those that are currently unknown, in the event of an accident or damage.<\/p>\n<h2>Failure to use the service by the customer<\/h2>\n<p>If the provider\u2019s services are not used, the customer has no right to a price reduction or reimbursement.<\/p>\n<h2>Place of jurisdiction, applicable law<\/h2>\n<p>The place of jurisdiction is the regisitered office of Gym Performance. The contract is subject to Swiss law. By making use of Martin Bl\u00e4tter\u2019s offers, the customer declares his\/her full agreement to the above terms and conditions.<\/p>\n<p>[\/et_pb_text][\/et_pb_column][\/et_pb_row][\/et_pb_section]<\/p>\n<span class=\"et_bloom_bottom_trigger\"><\/span>","protected":false},"excerpt":{"rendered":"<p>Terms of Service Payment terms Payment is due before the training session (bank transfer, credit card VISA\/MasterCard). In the case of a subscription, the first premium must be transferred when taking out the subscription. The prices indicated include VAT. The price does not include any rental of premises (sports halls, fitness centers, indoor swimming pools, [&hellip;]<\/p>\n","protected":false},"author":1,"featured_media":0,"parent":0,"menu_order":0,"comment_status":"closed","ping_status":"closed","template":"","meta":{"_et_pb_use_builder":"on","_et_pb_old_content":"<p>[et_pb_section fb_built=\"1\" _builder_version=\"3.22\"][et_pb_row _builder_version=\"3.25\" background_size=\"initial\" background_position=\"top_left\" background_repeat=\"repeat\"][et_pb_column type=\"4_4\" _builder_version=\"3.25\" custom_padding=\"|||\" custom_padding__hover=\"|||\"][et_pb_text _builder_version=\"4.5.1\"]<\/p><h1>\u00a0<\/h1><h1>Allgemeine Gesch\u00e4ftsbedingungen<\/h1><p>\u00a0<\/p><p><span style=\"font-size: 36px;\">Zahlungsbedingungen<\/span><\/p><p>Wird vor der Trainingseinheit f\u00e4llig (Bank\u00fcberweisung, Kreditkarte VISA\/MasterCard). Bei einem Abonnement ist die erste Pr\u00e4mie beim Abschluss des Abos zu \u00fcberweisen. Die angegebenen Preise verstehen sich inkl. MwSt. Im Preis nicht inbegriffen sind allf\u00e4llige Mieten von \u00d6rtlichkeiten (Sporthallen, Fitnesscentern, Hallenb\u00e4der, Sportanlagen, etc.).<\/p><h3>Stornobedingungen<\/h3><p>Termine k\u00f6nnen bis 24 h vorher ohne Kostenfolge abgesagt werden. Danach werden 50 % der Kosten verrechnet. Trainingseinheiten k\u00f6nnen seitens Martin Bl\u00e4ttler bei ungen\u00fcgender Teilnehmerzahl bis 24 h vorher abgesagt werden.\u00a0Es werden keine Trainings zur\u00fcckerstattet.<\/p><h3>Mindestvertragsdauer<\/h3><p class=\"font_9\">Beim Online Coaching betr\u00e4gt die Mindestvertragsdauer 3 Monate ab Abo-Abschluss. Anschliessend kann das Abo zu einer beliebigen Zeit mit einer K\u00fcndigungsfrist von 4 Wochen gek\u00fcndigt werden.<\/p><h3>Versicherung<\/h3><p>Die Versicherung ist Sache des Teilnehmers. Martin Bl\u00e4ttler lehnt jegliche Haftung f\u00fcr Unf\u00e4lle und Krankheiten ab.<\/p><h3>Haftungsausschluss<\/h3><p>Das Training mit Martin Bl\u00e4ttler erfolgt auf eigene Gefahr und eigenes Risiko. Es wird ausdr\u00fccklich auf s\u00e4mtliche Anspr\u00fcche \u2013 gleich welcher Art \u2013 aus Schadensf\u00e4llen, Verletzungen oder Folgesch\u00e4digungen verzichtet die im Zusammenhang mit der Teilnahme an einem Dienstleistungsangebotes von Martin Bl\u00e4ttler Training stehen. Auch f\u00fcr Sachsch\u00e4den wird eine Haftung vonseiten Martin Bl\u00e4ttler ausgeschlossen.<br \/>Der Kunde versichert, sportgesund zu sein. Er versichert sich bei einem Arzt \u00fcber dessen Gesundheitszustandes. Wenn darauf verzichtet wird, so tut er dies auf eigene Gefahr. F\u00fcr gesundheitliche Risiken, auch solche, die aktuell nicht bekannt sind, \u00fcbernimmt Martin Bl\u00e4ttler im Falle eines Unfalls oder Schadens keine Haftung.<\/p><h3><a class=\"accordion-toggle\" data-toggle=\"collapse\" data-parent=\"#accordion\" data-target=\"#collapse-6\" aria-expanded=\"true\"><span class=\"q-title user-select ng-binding\">Nichtinanspruchnahme der Dienstleistung durch den Kunden<\/span><\/a><\/h3><div id=\"collapse-6\" class=\"panel-collapse collapse in\" aria-expanded=\"true\"><div class=\"panel-body\"><div class=\"question-answer\"><div class=\"question-answer-text user-select ng-binding\"><div class=\"font_8\">Werden die Dienstleistungen des Anbieters nicht beansprucht, besteht von Seiten des Kunden kein Anrecht auf eine Preisreduktion oder R\u00fcckverg\u00fctung.<\/div><div class=\"font_8\">\u00a0<\/div><div class=\"font_8\">\u00a0<\/div><div class=\"font_8\">\u00a0<\/div><div class=\"font_8\">\u00a0<\/div><div class=\"font_8\">\u00a0<\/div><div class=\"font_8\">\u00a0<\/div><div class=\"font_8\">\u00a0<\/div><div class=\"font_8\">\u00a0<\/div><div class=\"font_8\">\u00a0<\/div><div class=\"font_8\">\u00a0<\/div><div class=\"font_8\">\u00a0<\/div><div class=\"font_8\">\u00a0<\/div><div class=\"font_8\">\u00a0<\/div><div class=\"font_8\">\u00a0<\/div><div class=\"font_8\"><div class=\"panel-heading question-title-box accordion-toggle\" data-toggle=\"collapse\" data-parent=\"#accordion\" data-target=\"#collapse-8\" aria-expanded=\"true\"><h3 class=\"panel-title\">\u00a0<\/h3><h3 class=\"panel-title\"><a class=\"accordion-toggle\" data-toggle=\"collapse\" data-parent=\"#accordion\" data-target=\"#collapse-8\" aria-expanded=\"true\"><span class=\"q-title user-select ng-binding\">Gerichtsstand, anwendbares Recht<\/span><\/a><\/h3><\/div><div id=\"collapse-8\" class=\"panel-collapse collapse in\" aria-expanded=\"true\"><div class=\"panel-body\"><div class=\"question-answer\"><div class=\"question-answer-text user-select ng-binding\"><div class=\"font_8\">Gerichtsstand ist der Sitz von Gym Performance. Der Vertrag untersteht schweizerischem Recht. Durch die Inanspruchnahme der Angebote von Martin Bl\u00e4tter erkl\u00e4rt sich der Kunde mit den vorstehenden AGB vollumf\u00e4nglich einverstanden.<\/div><\/div><\/div><\/div><\/div><\/div><div class=\"font_8\">\u00a0<\/div><div class=\"font_8\">\u00a0<\/div><div class=\"font_8\">\u00a0<\/div><div class=\"font_8\">\u00a0<\/div><\/div><\/div><\/div><\/div><p>\u00a0<\/p><p>[\/et_pb_text][\/et_pb_column][\/et_pb_row][\/et_pb_section]<\/p>","_et_gb_content_width":"","footnotes":""},"yoast_head":"<!-- This site is optimized with the Yoast SEO plugin v24.5 - https:\/\/yoast.com\/wordpress\/plugins\/seo\/ -->\n<title>Terms of Service - GymPerformance<\/title>\n<meta name=\"robots\" content=\"noindex, follow\" \/>\n<meta property=\"og:locale\" content=\"en_US\" \/>\n<meta property=\"og:type\" content=\"article\" \/>\n<meta property=\"og:title\" content=\"Terms of Service - GymPerformance\" \/>\n<meta property=\"og:description\" content=\"Terms of Service Payment terms Payment is due before the training session (bank transfer, credit card VISA\/MasterCard). In the case of a subscription, the first premium must be transferred when taking out the subscription. The prices indicated include VAT. The price does not include any rental of premises (sports halls, fitness centers, indoor swimming pools, [&hellip;]\" \/>\n<meta property=\"og:url\" content=\"https:\/\/gymperformance.ch\/en\/terms\/\" \/>\n<meta property=\"og:site_name\" content=\"GymPerformance\" \/>\n<meta property=\"article:publisher\" content=\"https:\/\/www.facebook.com\/GymPerf\/\" \/>\n<meta property=\"article:modified_time\" content=\"2025-08-06T09:41:13+00:00\" \/>\n<meta property=\"og:image\" content=\"https:\/\/gymperformance.ch\/wp-content\/uploads\/2022\/11\/GymPerformance-Fitness-fur-Entrepreneurs-und-Vater-Copy.png\" \/>\n\t<meta property=\"og:image:width\" content=\"1000\" \/>\n\t<meta property=\"og:image:height\" content=\"1000\" \/>\n\t<meta property=\"og:image:type\" content=\"image\/png\" \/>\n<meta name=\"twitter:label1\" content=\"Est. reading time\" \/>\n\t<meta name=\"twitter:data1\" content=\"2 minutes\" \/>\n<script type=\"application\/ld+json\" class=\"yoast-schema-graph\">{\"@context\":\"https:\/\/schema.org\",\"@graph\":[{\"@type\":\"WebPage\",\"@id\":\"https:\/\/gymperformance.ch\/en\/terms\/\",\"url\":\"https:\/\/gymperformance.ch\/en\/terms\/\",\"name\":\"Terms of Service - GymPerformance\",\"isPartOf\":{\"@id\":\"https:\/\/gymperformance.ch\/#website\"},\"datePublished\":\"2020-12-18T16:30:27+00:00\",\"dateModified\":\"2025-08-06T09:41:13+00:00\",\"breadcrumb\":{\"@id\":\"https:\/\/gymperformance.ch\/en\/terms\/#breadcrumb\"},\"inLanguage\":\"en-US\",\"potentialAction\":[{\"@type\":\"ReadAction\",\"target\":[\"https:\/\/gymperformance.ch\/en\/terms\/\"]}]},{\"@type\":\"BreadcrumbList\",\"@id\":\"https:\/\/gymperformance.ch\/en\/terms\/#breadcrumb\",\"itemListElement\":[{\"@type\":\"ListItem\",\"position\":1,\"name\":\"Home\",\"item\":\"https:\/\/gymperformance.ch\/en\/entrepreneur\/\"},{\"@type\":\"ListItem\",\"position\":2,\"name\":\"Terms of Service\"}]},{\"@type\":\"WebSite\",\"@id\":\"https:\/\/gymperformance.ch\/#website\",\"url\":\"https:\/\/gymperformance.ch\/\",\"name\":\"GymPerformance\",\"description\":\"| Online Fitness f\u00fcr F\u00fchrungskr\u00e4fte und V\u00e4ter\",\"publisher\":{\"@id\":\"https:\/\/gymperformance.ch\/#organization\"},\"alternateName\":\"Fitness f\u00fcr Unternehmer und vielbesch\u00e4ftigte V\u00e4ter\",\"potentialAction\":[{\"@type\":\"SearchAction\",\"target\":{\"@type\":\"EntryPoint\",\"urlTemplate\":\"https:\/\/gymperformance.ch\/?s={search_term_string}\"},\"query-input\":{\"@type\":\"PropertyValueSpecification\",\"valueRequired\":true,\"valueName\":\"search_term_string\"}}],\"inLanguage\":\"en-US\"},{\"@type\":\"Organization\",\"@id\":\"https:\/\/gymperformance.ch\/#organization\",\"name\":\"GymPerformance\",\"alternateName\":\"Martin Bl\u00e4ttler\",\"url\":\"https:\/\/gymperformance.ch\/\",\"logo\":{\"@type\":\"ImageObject\",\"inLanguage\":\"en-US\",\"@id\":\"https:\/\/gymperformance.ch\/#\/schema\/logo\/image\/\",\"url\":\"https:\/\/gymperformance.ch\/wp-content\/uploads\/2022\/02\/GYM_PERFORMANCE_LOGO_BLACK.png\",\"contentUrl\":\"https:\/\/gymperformance.ch\/wp-content\/uploads\/2022\/02\/GYM_PERFORMANCE_LOGO_BLACK.png\",\"width\":1770,\"height\":299,\"caption\":\"GymPerformance\"},\"image\":{\"@id\":\"https:\/\/gymperformance.ch\/#\/schema\/logo\/image\/\"},\"sameAs\":[\"https:\/\/www.facebook.com\/GymPerf\/\",\"https:\/\/x.com\/blaettlermartin\",\"https:\/\/www.instagram.com\/gymperformance\/\",\"https:\/\/www.linkedin.com\/in\/martinblaettler\/\",\"https:\/\/www.pinterest.com\/blaettlermartin\/\",\"https:\/\/twitter.com\/blaettlermartin\",\"https:\/\/www.youtube.com\/@GymPerformance\/\"]}]}<\/script>\n<!-- \/ Yoast SEO plugin. -->","yoast_head_json":{"title":"Terms of Service - GymPerformance","robots":{"index":"noindex","follow":"follow"},"og_locale":"en_US","og_type":"article","og_title":"Terms of Service - GymPerformance","og_description":"Terms of Service Payment terms Payment is due before the training session (bank transfer, credit card VISA\/MasterCard). In the case of a subscription, the first premium must be transferred when taking out the subscription. The prices indicated include VAT. The price does not include any rental of premises (sports halls, fitness centers, indoor swimming pools, [&hellip;]","og_url":"https:\/\/gymperformance.ch\/en\/terms\/","og_site_name":"GymPerformance","article_publisher":"https:\/\/www.facebook.com\/GymPerf\/","article_modified_time":"2025-08-06T09:41:13+00:00","og_image":[{"width":1000,"height":1000,"url":"https:\/\/gymperformance.ch\/wp-content\/uploads\/2022\/11\/GymPerformance-Fitness-fur-Entrepreneurs-und-Vater-Copy.png","type":"image\/png"}],"twitter_misc":{"Est. reading time":"2 minutes"},"schema":{"@context":"https:\/\/schema.org","@graph":[{"@type":"WebPage","@id":"https:\/\/gymperformance.ch\/en\/terms\/","url":"https:\/\/gymperformance.ch\/en\/terms\/","name":"Terms of Service - GymPerformance","isPartOf":{"@id":"https:\/\/gymperformance.ch\/#website"},"datePublished":"2020-12-18T16:30:27+00:00","dateModified":"2025-08-06T09:41:13+00:00","breadcrumb":{"@id":"https:\/\/gymperformance.ch\/en\/terms\/#breadcrumb"},"inLanguage":"en-US","potentialAction":[{"@type":"ReadAction","target":["https:\/\/gymperformance.ch\/en\/terms\/"]}]},{"@type":"BreadcrumbList","@id":"https:\/\/gymperformance.ch\/en\/terms\/#breadcrumb","itemListElement":[{"@type":"ListItem","position":1,"name":"Home","item":"https:\/\/gymperformance.ch\/en\/entrepreneur\/"},{"@type":"ListItem","position":2,"name":"Terms of Service"}]},{"@type":"WebSite","@id":"https:\/\/gymperformance.ch\/#website","url":"https:\/\/gymperformance.ch\/","name":"GymPerformance","description":"| Online Fitness f\u00fcr F\u00fchrungskr\u00e4fte und V\u00e4ter","publisher":{"@id":"https:\/\/gymperformance.ch\/#organization"},"alternateName":"Fitness f\u00fcr Unternehmer und vielbesch\u00e4ftigte V\u00e4ter","potentialAction":[{"@type":"SearchAction","target":{"@type":"EntryPoint","urlTemplate":"https:\/\/gymperformance.ch\/?s={search_term_string}"},"query-input":{"@type":"PropertyValueSpecification","valueRequired":true,"valueName":"search_term_string"}}],"inLanguage":"en-US"},{"@type":"Organization","@id":"https:\/\/gymperformance.ch\/#organization","name":"GymPerformance","alternateName":"Martin Bl\u00e4ttler","url":"https:\/\/gymperformance.ch\/","logo":{"@type":"ImageObject","inLanguage":"en-US","@id":"https:\/\/gymperformance.ch\/#\/schema\/logo\/image\/","url":"https:\/\/gymperformance.ch\/wp-content\/uploads\/2022\/02\/GYM_PERFORMANCE_LOGO_BLACK.png","contentUrl":"https:\/\/gymperformance.ch\/wp-content\/uploads\/2022\/02\/GYM_PERFORMANCE_LOGO_BLACK.png","width":1770,"height":299,"caption":"GymPerformance"},"image":{"@id":"https:\/\/gymperformance.ch\/#\/schema\/logo\/image\/"},"sameAs":["https:\/\/www.facebook.com\/GymPerf\/","https:\/\/x.com\/blaettlermartin","https:\/\/www.instagram.com\/gymperformance\/","https:\/\/www.linkedin.com\/in\/martinblaettler\/","https:\/\/www.pinterest.com\/blaettlermartin\/","https:\/\/twitter.com\/blaettlermartin","https:\/\/www.youtube.com\/@GymPerformance\/"]}]}},"_links":{"self":[{"href":"https:\/\/gymperformance.ch\/en\/wp-json\/wp\/v2\/pages\/32467"}],"collection":[{"href":"https:\/\/gymperformance.ch\/en\/wp-json\/wp\/v2\/pages"}],"about":[{"href":"https:\/\/gymperformance.ch\/en\/wp-json\/wp\/v2\/types\/page"}],"author":[{"embeddable":true,"href":"https:\/\/gymperformance.ch\/en\/wp-json\/wp\/v2\/users\/1"}],"replies":[{"embeddable":true,"href":"https:\/\/gymperformance.ch\/en\/wp-json\/wp\/v2\/comments?post=32467"}],"version-history":[{"count":7,"href":"https:\/\/gymperformance.ch\/en\/wp-json\/wp\/v2\/pages\/32467\/revisions"}],"predecessor-version":[{"id":36539,"href":"https:\/\/gymperformance.ch\/en\/wp-json\/wp\/v2\/pages\/32467\/revisions\/36539"}],"wp:attachment":[{"href":"https:\/\/gymperformance.ch\/en\/wp-json\/wp\/v2\/media?parent=32467"}],"curies":[{"name":"wp","href":"https:\/\/api.w.org\/{rel}","templated":true}]}}