{"id":32396,"date":"2020-12-02T00:51:26","date_gmt":"2020-12-02T00:51:26","guid":{"rendered":"https:\/\/gymperformance.ch\/?page_id=32396"},"modified":"2020-12-24T13:06:47","modified_gmt":"2020-12-24T13:06:47","slug":"sixpack","status":"publish","type":"page","link":"https:\/\/gymperformance.ch\/en\/sixpack\/","title":{"rendered":"Sixpack Ebook"},"content":{"rendered":"<p>[et_pb_section fb_built=&#8221;1&#8243; custom_padding_last_edited=&#8221;on|tablet&#8221; _builder_version=&#8221;4.5.1&#8243; use_background_color_gradient=&#8221;on&#8221; background_enable_image=&#8221;off&#8221; background_position=&#8221;top_left&#8221; background_blend=&#8221;darken&#8221; height=&#8221;1080px&#8221; height_tablet=&#8221;&#8221; height_phone=&#8221;&#8221; height_last_edited=&#8221;on|desktop&#8221; custom_padding=&#8221;20px||||false|false&#8221; custom_padding_tablet=&#8221;&#8221; custom_padding_phone=&#8221;0px||||false|false&#8221; filter_invert=&#8221;6%&#8221;][et_pb_row column_structure=&#8221;1_2,1_2&#8243; _builder_version=&#8221;4.4.7&#8243;][et_pb_column type=&#8221;1_2&#8243; _builder_version=&#8221;4.4.7&#8243;][et_pb_signup provider=&#8221;activecampaign&#8221; activecampaign_list=&#8221;Active Campaign|5&#8243; first_name_field=&#8221;off&#8221; last_name_field=&#8221;off&#8221; success_action=&#8221;redirect&#8221; success_redirect_url=&#8221;https:\/\/gymperformance.ch\/en\/thank-you\/&#8221; title=&#8221;Your FREE Guide To Sixpack Abs&#8221; button_text=&#8221;Get Access&#8221; description=&#8221;<\/p>\n<h3 style=%22text-align: center;%22><\/h3>\n<h3 style=%22text-align: center;%22>The Only Guide You&#8217;ll Ever Need to Finally Score Some Abs.<br \/> Sixpack, here you come!<\/h3>\n<p>\u00a0<\/p>\n<p style=%22text-align: center;%22>Enter Your Email Below To Receive Your Guide!<\/p>\n<p>&#8221; _builder_version=&#8221;4.5.1&#8243; form_field_background_color=&#8221;#ffffff&#8221; form_field_text_color=&#8221;#000000&#8243; form_field_focus_background_color=&#8221;#ffffff&#8221; form_field_focus_text_color=&#8221;#000000&#8243; header_level=&#8221;h1&#8243; header_font=&#8221;Poppins|700|||||||&#8221; header_text_align=&#8221;center&#8221; header_font_size=&#8221;29px&#8221; body_font=&#8221;Poppins||||||||&#8221; background_color=&#8221;#0c71c3&#8243; custom_button=&#8221;on&#8221; button_text_color=&#8221;#ffffff&#8221; button_border_color=&#8221;#ffffff&#8221; width=&#8221;99.3%&#8221; custom_margin=&#8221;50px||||false|false&#8221;][\/et_pb_signup][\/et_pb_column][et_pb_column type=&#8221;1_2&#8243; _builder_version=&#8221;4.4.7&#8243;][et_pb_image src=&#8221;https:\/\/gymperformance.ch\/wp-content\/uploads\/2020\/12\/cover-square.jpg&#8221; alt=&#8221;Fit Dad Cook Book Cover&#8221; title_text=&#8221;Sixpack Guide&#8221; _builder_version=&#8221;4.5.1&#8243; min_height=&#8221;66px&#8221; custom_margin=&#8221;|||30px|false|false&#8221; custom_margin_tablet=&#8221;|||0px|false|false&#8221; custom_margin_phone=&#8221;|||0px|false|false&#8221; custom_margin_last_edited=&#8221;on|desktop&#8221; custom_padding=&#8221;||||false|false&#8221;][\/et_pb_image][\/et_pb_column][\/et_pb_row][\/et_pb_section]<\/p>\n<span class=\"et_bloom_bottom_trigger\"><\/span>","protected":false},"excerpt":{"rendered":"","protected":false},"author":1,"featured_media":32422,"parent":0,"menu_order":0,"comment_status":"closed","ping_status":"closed","template":"page-template-blank.php","meta":{"_et_pb_use_builder":"on","_et_pb_old_content":"","_et_gb_content_width":"","footnotes":""},"yoast_head":"<!-- This site is optimized with the Yoast SEO plugin v24.5 - https:\/\/yoast.com\/wordpress\/plugins\/seo\/ -->\n<title>Guide to Sixpack Abs by Gym Performance<\/title>\n<meta name=\"description\" content=\"The Only Guide You&#039;ll Ever Need to Finally Score Some Abs. Six-pack, here you come! The Only Guide You&#039;ll Ever Need to Finally Score Some Abs. Six-pack, here you come!\" \/>\n<meta name=\"robots\" content=\"index, follow, max-snippet:-1, max-image-preview:large, max-video-preview:-1\" \/>\n<link rel=\"canonical\" href=\"https:\/\/gymperformance.ch\/en\/sixpack\/\" \/>\n<meta property=\"og:locale\" content=\"en_US\" \/>\n<meta property=\"og:type\" content=\"article\" \/>\n<meta property=\"og:title\" content=\"Guide to Sixpack Abs by Gym Performance\" \/>\n<meta property=\"og:description\" content=\"The Only Guide You&#039;ll Ever Need to Finally Score Some Abs. Six-pack, here you come! The Only Guide You&#039;ll Ever Need to Finally Score Some Abs. Six-pack, here you come!\" \/>\n<meta property=\"og:url\" content=\"https:\/\/gymperformance.ch\/en\/sixpack\/\" \/>\n<meta property=\"og:site_name\" content=\"GymPerformance\" \/>\n<meta property=\"article:publisher\" content=\"https:\/\/www.facebook.com\/GymPerf\/\" \/>\n<meta property=\"article:modified_time\" content=\"2020-12-24T13:06:47+00:00\" \/>\n<meta property=\"og:image\" content=\"https:\/\/gymperformance.ch\/wp-content\/uploads\/2020\/12\/cover-square.jpg\" \/>\n\t<meta property=\"og:image:width\" content=\"593\" \/>\n\t<meta property=\"og:image:height\" content=\"593\" \/>\n\t<meta property=\"og:image:type\" content=\"image\/jpeg\" \/>\n<meta name=\"twitter:label1\" content=\"Est. reading time\" \/>\n\t<meta name=\"twitter:data1\" content=\"1 minute\" \/>\n<script type=\"application\/ld+json\" class=\"yoast-schema-graph\">{\"@context\":\"https:\/\/schema.org\",\"@graph\":[{\"@type\":\"WebPage\",\"@id\":\"https:\/\/gymperformance.ch\/en\/sixpack\/\",\"url\":\"https:\/\/gymperformance.ch\/en\/sixpack\/\",\"name\":\"Guide to Sixpack Abs by Gym Performance\",\"isPartOf\":{\"@id\":\"https:\/\/gymperformance.ch\/#website\"},\"primaryImageOfPage\":{\"@id\":\"https:\/\/gymperformance.ch\/en\/sixpack\/#primaryimage\"},\"image\":{\"@id\":\"https:\/\/gymperformance.ch\/en\/sixpack\/#primaryimage\"},\"thumbnailUrl\":\"https:\/\/gymperformance.ch\/wp-content\/uploads\/2020\/12\/cover-square.jpg\",\"datePublished\":\"2020-12-02T00:51:26+00:00\",\"dateModified\":\"2020-12-24T13:06:47+00:00\",\"description\":\"The Only Guide You'll Ever Need to Finally Score Some Abs. Six-pack, here you come! The Only Guide You'll Ever Need to Finally Score Some Abs. Six-pack, here you come!\",\"breadcrumb\":{\"@id\":\"https:\/\/gymperformance.ch\/en\/sixpack\/#breadcrumb\"},\"inLanguage\":\"en-US\",\"potentialAction\":[{\"@type\":\"ReadAction\",\"target\":[\"https:\/\/gymperformance.ch\/en\/sixpack\/\"]}]},{\"@type\":\"ImageObject\",\"inLanguage\":\"en-US\",\"@id\":\"https:\/\/gymperformance.ch\/en\/sixpack\/#primaryimage\",\"url\":\"https:\/\/gymperformance.ch\/wp-content\/uploads\/2020\/12\/cover-square.jpg\",\"contentUrl\":\"https:\/\/gymperformance.ch\/wp-content\/uploads\/2020\/12\/cover-square.jpg\",\"width\":593,\"height\":593},{\"@type\":\"BreadcrumbList\",\"@id\":\"https:\/\/gymperformance.ch\/en\/sixpack\/#breadcrumb\",\"itemListElement\":[{\"@type\":\"ListItem\",\"position\":1,\"name\":\"Home\",\"item\":\"https:\/\/gymperformance.ch\/en\/entrepreneur\/\"},{\"@type\":\"ListItem\",\"position\":2,\"name\":\"Sixpack Ebook\"}]},{\"@type\":\"WebSite\",\"@id\":\"https:\/\/gymperformance.ch\/#website\",\"url\":\"https:\/\/gymperformance.ch\/\",\"name\":\"GymPerformance\",\"description\":\"| Online Fitness f\u00fcr F\u00fchrungskr\u00e4fte und V\u00e4ter\",\"publisher\":{\"@id\":\"https:\/\/gymperformance.ch\/#organization\"},\"alternateName\":\"Fitness f\u00fcr Unternehmer und vielbesch\u00e4ftigte V\u00e4ter\",\"potentialAction\":[{\"@type\":\"SearchAction\",\"target\":{\"@type\":\"EntryPoint\",\"urlTemplate\":\"https:\/\/gymperformance.ch\/?s={search_term_string}\"},\"query-input\":{\"@type\":\"PropertyValueSpecification\",\"valueRequired\":true,\"valueName\":\"search_term_string\"}}],\"inLanguage\":\"en-US\"},{\"@type\":\"Organization\",\"@id\":\"https:\/\/gymperformance.ch\/#organization\",\"name\":\"GymPerformance\",\"alternateName\":\"Martin Bl\u00e4ttler\",\"url\":\"https:\/\/gymperformance.ch\/\",\"logo\":{\"@type\":\"ImageObject\",\"inLanguage\":\"en-US\",\"@id\":\"https:\/\/gymperformance.ch\/#\/schema\/logo\/image\/\",\"url\":\"https:\/\/gymperformance.ch\/wp-content\/uploads\/2022\/02\/GYM_PERFORMANCE_LOGO_BLACK.png\",\"contentUrl\":\"https:\/\/gymperformance.ch\/wp-content\/uploads\/2022\/02\/GYM_PERFORMANCE_LOGO_BLACK.png\",\"width\":1770,\"height\":299,\"caption\":\"GymPerformance\"},\"image\":{\"@id\":\"https:\/\/gymperformance.ch\/#\/schema\/logo\/image\/\"},\"sameAs\":[\"https:\/\/www.facebook.com\/GymPerf\/\",\"https:\/\/x.com\/blaettlermartin\",\"https:\/\/www.instagram.com\/gymperformance\/\",\"https:\/\/www.linkedin.com\/in\/martinblaettler\/\",\"https:\/\/www.pinterest.com\/blaettlermartin\/\",\"https:\/\/twitter.com\/blaettlermartin\",\"https:\/\/www.youtube.com\/@GymPerformance\/\"]}]}<\/script>\n<!-- \/ Yoast SEO plugin. -->","yoast_head_json":{"title":"Guide to Sixpack Abs by Gym Performance","description":"The Only Guide You'll Ever Need to Finally Score Some Abs. Six-pack, here you come! The Only Guide You'll Ever Need to Finally Score Some Abs. Six-pack, here you come!","robots":{"index":"index","follow":"follow","max-snippet":"max-snippet:-1","max-image-preview":"max-image-preview:large","max-video-preview":"max-video-preview:-1"},"canonical":"https:\/\/gymperformance.ch\/en\/sixpack\/","og_locale":"en_US","og_type":"article","og_title":"Guide to Sixpack Abs by Gym Performance","og_description":"The Only Guide You'll Ever Need to Finally Score Some Abs. Six-pack, here you come! The Only Guide You'll Ever Need to Finally Score Some Abs. Six-pack, here you come!","og_url":"https:\/\/gymperformance.ch\/en\/sixpack\/","og_site_name":"GymPerformance","article_publisher":"https:\/\/www.facebook.com\/GymPerf\/","article_modified_time":"2020-12-24T13:06:47+00:00","og_image":[{"width":593,"height":593,"url":"https:\/\/gymperformance.ch\/wp-content\/uploads\/2020\/12\/cover-square.jpg","type":"image\/jpeg"}],"twitter_misc":{"Est. reading time":"1 minute"},"schema":{"@context":"https:\/\/schema.org","@graph":[{"@type":"WebPage","@id":"https:\/\/gymperformance.ch\/en\/sixpack\/","url":"https:\/\/gymperformance.ch\/en\/sixpack\/","name":"Guide to Sixpack Abs by Gym Performance","isPartOf":{"@id":"https:\/\/gymperformance.ch\/#website"},"primaryImageOfPage":{"@id":"https:\/\/gymperformance.ch\/en\/sixpack\/#primaryimage"},"image":{"@id":"https:\/\/gymperformance.ch\/en\/sixpack\/#primaryimage"},"thumbnailUrl":"https:\/\/gymperformance.ch\/wp-content\/uploads\/2020\/12\/cover-square.jpg","datePublished":"2020-12-02T00:51:26+00:00","dateModified":"2020-12-24T13:06:47+00:00","description":"The Only Guide You'll Ever Need to Finally Score Some Abs. Six-pack, here you come! The Only Guide You'll Ever Need to Finally Score Some Abs. Six-pack, here you come!","breadcrumb":{"@id":"https:\/\/gymperformance.ch\/en\/sixpack\/#breadcrumb"},"inLanguage":"en-US","potentialAction":[{"@type":"ReadAction","target":["https:\/\/gymperformance.ch\/en\/sixpack\/"]}]},{"@type":"ImageObject","inLanguage":"en-US","@id":"https:\/\/gymperformance.ch\/en\/sixpack\/#primaryimage","url":"https:\/\/gymperformance.ch\/wp-content\/uploads\/2020\/12\/cover-square.jpg","contentUrl":"https:\/\/gymperformance.ch\/wp-content\/uploads\/2020\/12\/cover-square.jpg","width":593,"height":593},{"@type":"BreadcrumbList","@id":"https:\/\/gymperformance.ch\/en\/sixpack\/#breadcrumb","itemListElement":[{"@type":"ListItem","position":1,"name":"Home","item":"https:\/\/gymperformance.ch\/en\/entrepreneur\/"},{"@type":"ListItem","position":2,"name":"Sixpack Ebook"}]},{"@type":"WebSite","@id":"https:\/\/gymperformance.ch\/#website","url":"https:\/\/gymperformance.ch\/","name":"GymPerformance","description":"| Online Fitness f\u00fcr F\u00fchrungskr\u00e4fte und V\u00e4ter","publisher":{"@id":"https:\/\/gymperformance.ch\/#organization"},"alternateName":"Fitness f\u00fcr Unternehmer und vielbesch\u00e4ftigte V\u00e4ter","potentialAction":[{"@type":"SearchAction","target":{"@type":"EntryPoint","urlTemplate":"https:\/\/gymperformance.ch\/?s={search_term_string}"},"query-input":{"@type":"PropertyValueSpecification","valueRequired":true,"valueName":"search_term_string"}}],"inLanguage":"en-US"},{"@type":"Organization","@id":"https:\/\/gymperformance.ch\/#organization","name":"GymPerformance","alternateName":"Martin Bl\u00e4ttler","url":"https:\/\/gymperformance.ch\/","logo":{"@type":"ImageObject","inLanguage":"en-US","@id":"https:\/\/gymperformance.ch\/#\/schema\/logo\/image\/","url":"https:\/\/gymperformance.ch\/wp-content\/uploads\/2022\/02\/GYM_PERFORMANCE_LOGO_BLACK.png","contentUrl":"https:\/\/gymperformance.ch\/wp-content\/uploads\/2022\/02\/GYM_PERFORMANCE_LOGO_BLACK.png","width":1770,"height":299,"caption":"GymPerformance"},"image":{"@id":"https:\/\/gymperformance.ch\/#\/schema\/logo\/image\/"},"sameAs":["https:\/\/www.facebook.com\/GymPerf\/","https:\/\/x.com\/blaettlermartin","https:\/\/www.instagram.com\/gymperformance\/","https:\/\/www.linkedin.com\/in\/martinblaettler\/","https:\/\/www.pinterest.com\/blaettlermartin\/","https:\/\/twitter.com\/blaettlermartin","https:\/\/www.youtube.com\/@GymPerformance\/"]}]}},"_links":{"self":[{"href":"https:\/\/gymperformance.ch\/en\/wp-json\/wp\/v2\/pages\/32396"}],"collection":[{"href":"https:\/\/gymperformance.ch\/en\/wp-json\/wp\/v2\/pages"}],"about":[{"href":"https:\/\/gymperformance.ch\/en\/wp-json\/wp\/v2\/types\/page"}],"author":[{"embeddable":true,"href":"https:\/\/gymperformance.ch\/en\/wp-json\/wp\/v2\/users\/1"}],"replies":[{"embeddable":true,"href":"https:\/\/gymperformance.ch\/en\/wp-json\/wp\/v2\/comments?post=32396"}],"version-history":[{"count":16,"href":"https:\/\/gymperformance.ch\/en\/wp-json\/wp\/v2\/pages\/32396\/revisions"}],"predecessor-version":[{"id":32512,"href":"https:\/\/gymperformance.ch\/en\/wp-json\/wp\/v2\/pages\/32396\/revisions\/32512"}],"wp:featuredmedia":[{"embeddable":true,"href":"https:\/\/gymperformance.ch\/en\/wp-json\/wp\/v2\/media\/32422"}],"wp:attachment":[{"href":"https:\/\/gymperformance.ch\/en\/wp-json\/wp\/v2\/media?parent=32396"}],"curies":[{"name":"wp","href":"https:\/\/api.w.org\/{rel}","templated":true}]}}