{"id":12674,"date":"2017-10-08T11:06:48","date_gmt":"2017-10-08T11:06:48","guid":{"rendered":"https:\/\/gymperformance.ch\/fotogalerie\/"},"modified":"2017-10-18T09:19:39","modified_gmt":"2017-10-18T09:19:39","slug":"photogallery","status":"publish","type":"page","link":"https:\/\/gymperformance.ch\/en\/photogallery\/","title":{"rendered":"Photo Gallery"},"content":{"rendered":"<p>[et_pb_section admin_label=&#8221;Section&#8221; fullwidth=&#8221;on&#8221; specialty=&#8221;off&#8221;][et_pb_fullwidth_image admin_label=&#8221;Fullwidth Image&#8221; src=&#8221;https:\/\/gymperformance.ch\/wp-content\/uploads\/2017\/10\/GymPerfomance-_Pushup_Shoot2017.png&#8221; show_in_lightbox=&#8221;off&#8221; url_new_window=&#8221;off&#8221; use_overlay=&#8221;off&#8221; animation=&#8221;left&#8221; use_border_color=&#8221;off&#8221; border_color=&#8221;#ffffff&#8221; border_style=&#8221;solid&#8221; alt=&#8221;Martin Bl\u00e4ttler from Gym performs pushups.&#8221; title_text=&#8221;Gym Performance &#8211; Martin Bl\u00e4ttler &#8211; Pushup&#8221;] [\/et_pb_fullwidth_image][\/et_pb_section][et_pb_section admin_label=&#8221;Section&#8221; fullwidth=&#8221;off&#8221; specialty=&#8221;off&#8221; transparent_background=&#8221;off&#8221; background_color=&#8221;#f9f9f9&#8243; allow_player_pause=&#8221;off&#8221; inner_shadow=&#8221;off&#8221; parallax=&#8221;off&#8221; parallax_method=&#8221;off&#8221; padding_mobile=&#8221;on&#8221; make_fullwidth=&#8221;off&#8221; use_custom_width=&#8221;off&#8221; width_unit=&#8221;on&#8221; make_equal=&#8221;off&#8221; use_custom_gutter=&#8221;off&#8221; custom_padding=&#8221;0px||0px|&#8221;][et_pb_row admin_label=&#8221;Row&#8221; make_fullwidth=&#8221;on&#8221; use_custom_width=&#8221;off&#8221; width_unit=&#8221;on&#8221; use_custom_gutter=&#8221;on&#8221; padding_mobile=&#8221;on&#8221; allow_player_pause=&#8221;off&#8221; parallax=&#8221;off&#8221; parallax_method=&#8221;off&#8221; make_equal=&#8221;on&#8221; parallax_1=&#8221;off&#8221; parallax_method_1=&#8221;off&#8221; parallax_2=&#8221;off&#8221; parallax_method_2=&#8221;off&#8221; background_color_2=&#8221;#ffffff&#8221; column_padding_mobile=&#8221;on&#8221; gutter_width=&#8221;1&#8243; custom_padding=&#8221;0px||0px|&#8221;][et_pb_column type=&#8221;1_2&#8243;][et_pb_image admin_label=&#8221;Image&#8221; src=&#8221;https:\/\/gymperformance.ch\/wp-content\/uploads\/2017\/10\/GymPerformance_LSit_SantaMonica2015.png&#8221; show_in_lightbox=&#8221;on&#8221; url_new_window=&#8221;off&#8221; use_overlay=&#8221;on&#8221; animation=&#8221;off&#8221; sticky=&#8221;off&#8221; align=&#8221;center&#8221; force_fullwidth=&#8221;on&#8221; always_center_on_mobile=&#8221;on&#8221; use_border_color=&#8221;off&#8221; border_color=&#8221;#ffffff&#8221; border_style=&#8221;solid&#8221; hover_overlay_color=&#8221;rgba(39,108,242,0.78)&#8221; overlay_icon_color=&#8221;#ffffff&#8221; alt=&#8221;Calisthenics L-Hold Santa Monica 2015&#8243; title_text=&#8221;L-Hold in Santa Monica 2015&#8243;] [\/et_pb_image][\/et_pb_column][et_pb_column type=&#8221;1_2&#8243;][et_pb_image admin_label=&#8221;Image&#8221; src=&#8221;https:\/\/gymperformance.ch\/wp-content\/uploads\/2017\/10\/GymPerformance_Pool_Bali2017.png&#8221; show_in_lightbox=&#8221;on&#8221; url_new_window=&#8221;off&#8221; use_overlay=&#8221;on&#8221; animation=&#8221;off&#8221; sticky=&#8221;off&#8221; align=&#8221;center&#8221; force_fullwidth=&#8221;on&#8221; always_center_on_mobile=&#8221;on&#8221; use_border_color=&#8221;off&#8221; border_color=&#8221;#ffffff&#8221; border_style=&#8221;solid&#8221; hover_overlay_color=&#8221;rgba(39,108,242,0.78)&#8221; overlay_icon_color=&#8221;#ffffff&#8221; alt=&#8221;Martin Bl\u00e4ttler enjoys his vacation.&#8221; title_text=&#8221;Beach Body &#8211; Bali 2017&#8243;] [\/et_pb_image][\/et_pb_column][\/et_pb_row][et_pb_row admin_label=&#8221;Row&#8221; make_fullwidth=&#8221;on&#8221; use_custom_width=&#8221;off&#8221; width_unit=&#8221;on&#8221; use_custom_gutter=&#8221;on&#8221; padding_mobile=&#8221;on&#8221; allow_player_pause=&#8221;off&#8221; parallax=&#8221;off&#8221; parallax_method=&#8221;off&#8221; make_equal=&#8221;on&#8221; parallax_1=&#8221;off&#8221; parallax_method_1=&#8221;off&#8221; parallax_2=&#8221;off&#8221; parallax_method_2=&#8221;off&#8221; background_color_2=&#8221;#ffffff&#8221; column_padding_mobile=&#8221;on&#8221; gutter_width=&#8221;1&#8243; custom_padding=&#8221;0px||0px|&#8221;][et_pb_column type=&#8221;1_2&#8243;][et_pb_image admin_label=&#8221;Image&#8221; src=&#8221;https:\/\/gymperformance.ch\/wp-content\/uploads\/2017\/10\/GymPerformance_CrossfitBox_2015.png&#8221; show_in_lightbox=&#8221;on&#8221; url_new_window=&#8221;off&#8221; use_overlay=&#8221;on&#8221; animation=&#8221;off&#8221; sticky=&#8221;off&#8221; align=&#8221;center&#8221; force_fullwidth=&#8221;on&#8221; always_center_on_mobile=&#8221;on&#8221; use_border_color=&#8221;off&#8221; border_color=&#8221;#ffffff&#8221; border_style=&#8221;solid&#8221; hover_overlay_color=&#8221;rgba(39,108,242,0.78)&#8221; overlay_icon_color=&#8221;#ffffff&#8221; alt=&#8221;Crossfit Training &#8211; 2015 atLimitless Kriens&#8221; title_text=&#8221;Gym Performance &#8211; Crossfit&#8221;] [\/et_pb_image][\/et_pb_column][et_pb_column type=&#8221;1_2&#8243;][et_pb_image admin_label=&#8221;Image&#8221; src=&#8221;https:\/\/gymperformance.ch\/wp-content\/uploads\/2017\/10\/GymPerformance_HumanFlag_2014.png&#8221; show_in_lightbox=&#8221;on&#8221; url_new_window=&#8221;off&#8221; use_overlay=&#8221;on&#8221; animation=&#8221;off&#8221; sticky=&#8221;off&#8221; align=&#8221;center&#8221; force_fullwidth=&#8221;on&#8221; always_center_on_mobile=&#8221;on&#8221; use_border_color=&#8221;off&#8221; border_color=&#8221;#ffffff&#8221; border_style=&#8221;solid&#8221; hover_overlay_color=&#8221;rgba(39,108,242,0.78)&#8221; overlay_icon_color=&#8221;#ffffff&#8221; alt=&#8221;Gym Performance Martin Bl\u00e4ttler Human Flag&#8221; title_text=&#8221;Kalifornien, 2015&#8243;] [\/et_pb_image][\/et_pb_column][\/et_pb_row][\/et_pb_section][et_pb_section admin_label=&#8221;Section&#8221; fullwidth=&#8221;on&#8221; specialty=&#8221;off&#8221; transparent_background=&#8221;off&#8221; allow_player_pause=&#8221;off&#8221; inner_shadow=&#8221;off&#8221; parallax=&#8221;off&#8221; parallax_method=&#8221;off&#8221; custom_padding=&#8221;0px||0px|&#8221; padding_mobile=&#8221;on&#8221; make_fullwidth=&#8221;off&#8221; use_custom_width=&#8221;off&#8221; width_unit=&#8221;on&#8221; make_equal=&#8221;off&#8221; use_custom_gutter=&#8221;off&#8221;][et_pb_fullwidth_image admin_label=&#8221;Fullwidth Image&#8221; src=&#8221;https:\/\/gymperformance.ch\/wp-content\/uploads\/2017\/10\/GymPerformance_Business_Shoot2017.png&#8221; show_in_lightbox=&#8221;off&#8221; url_new_window=&#8221;off&#8221; use_overlay=&#8221;off&#8221; animation=&#8221;off&#8221; use_border_color=&#8221;off&#8221; border_color=&#8221;#ffffff&#8221; border_style=&#8221;solid&#8221; alt=&#8221;Photoshoot 2017: Fitness meets Business&#8221; title_text=&#8221;Fitness &amp; Business Photoshoot 2017&#8243;] [\/et_pb_fullwidth_image][\/et_pb_section][et_pb_section admin_label=&#8221;Section&#8221; fullwidth=&#8221;off&#8221; specialty=&#8221;off&#8221; transparent_background=&#8221;off&#8221; background_color=&#8221;#f9f9f9&#8243; allow_player_pause=&#8221;off&#8221; inner_shadow=&#8221;off&#8221; parallax=&#8221;off&#8221; parallax_method=&#8221;off&#8221; padding_mobile=&#8221;on&#8221; make_fullwidth=&#8221;off&#8221; use_custom_width=&#8221;off&#8221; width_unit=&#8221;on&#8221; make_equal=&#8221;off&#8221; use_custom_gutter=&#8221;off&#8221; custom_padding=&#8221;0px||0px|&#8221;][et_pb_row admin_label=&#8221;Row&#8221; make_fullwidth=&#8221;on&#8221; use_custom_width=&#8221;off&#8221; width_unit=&#8221;on&#8221; use_custom_gutter=&#8221;on&#8221; padding_mobile=&#8221;on&#8221; allow_player_pause=&#8221;off&#8221; parallax=&#8221;off&#8221; parallax_method=&#8221;off&#8221; make_equal=&#8221;on&#8221; parallax_1=&#8221;off&#8221; parallax_method_1=&#8221;off&#8221; parallax_2=&#8221;off&#8221; parallax_method_2=&#8221;off&#8221; background_color_2=&#8221;#ffffff&#8221; column_padding_mobile=&#8221;on&#8221; gutter_width=&#8221;1&#8243; custom_padding=&#8221;0px||0px|&#8221;][et_pb_column type=&#8221;1_2&#8243;][et_pb_image admin_label=&#8221;Image&#8221; src=&#8221;https:\/\/gymperformance.ch\/wp-content\/uploads\/2017\/10\/GymPerformance_Hiking_Split2017.png&#8221; show_in_lightbox=&#8221;on&#8221; url_new_window=&#8221;off&#8221; use_overlay=&#8221;on&#8221; animation=&#8221;off&#8221; sticky=&#8221;off&#8221; align=&#8221;center&#8221; force_fullwidth=&#8221;on&#8221; always_center_on_mobile=&#8221;on&#8221; use_border_color=&#8221;off&#8221; border_color=&#8221;#ffffff&#8221; border_style=&#8221;solid&#8221; hover_overlay_color=&#8221;rgba(39,108,242,0.78)&#8221; overlay_icon_color=&#8221;#ffffff&#8221; alt=&#8221;Martin Bl\u00e4ttler likes to hike &#8211; without a shirt, of course!&#8221; title_text=&#8221;Hiking in Split, Croatia. &#8220;] [\/et_pb_image][\/et_pb_column][et_pb_column type=&#8221;1_2&#8243;][et_pb_image admin_label=&#8221;Image&#8221; src=&#8221;https:\/\/gymperformance.ch\/wp-content\/uploads\/2017\/10\/GymPerformance_BeachBody_Split2017.png&#8221; show_in_lightbox=&#8221;on&#8221; url_new_window=&#8221;off&#8221; use_overlay=&#8221;on&#8221; animation=&#8221;off&#8221; sticky=&#8221;off&#8221; align=&#8221;center&#8221; force_fullwidth=&#8221;on&#8221; always_center_on_mobile=&#8221;on&#8221; use_border_color=&#8221;off&#8221; border_color=&#8221;#ffffff&#8221; border_style=&#8221;solid&#8221; hover_overlay_color=&#8221;rgba(39,108,242,0.78)&#8221; overlay_icon_color=&#8221;#ffffff&#8221; alt=&#8221;Afraid of Sharks.&#8221; title_text=&#8221;Croatia 2017&#8243;] [\/et_pb_image][\/et_pb_column][\/et_pb_row][\/et_pb_section][et_pb_section admin_label=&#8221;Section&#8221; fullwidth=&#8221;on&#8221; specialty=&#8221;off&#8221; transparent_background=&#8221;off&#8221; allow_player_pause=&#8221;off&#8221; inner_shadow=&#8221;off&#8221; parallax=&#8221;off&#8221; parallax_method=&#8221;off&#8221; custom_padding=&#8221;0px||0px|&#8221; padding_mobile=&#8221;on&#8221; make_fullwidth=&#8221;off&#8221; use_custom_width=&#8221;off&#8221; width_unit=&#8221;on&#8221; make_equal=&#8221;off&#8221; use_custom_gutter=&#8221;off&#8221;][et_pb_fullwidth_image admin_label=&#8221;Fullwidth Image&#8221; src=&#8221;https:\/\/gymperformance.ch\/wp-content\/uploads\/2017\/10\/GymPerformance_MartinBl\u00e4ttler.png&#8221; show_in_lightbox=&#8221;off&#8221; url_new_window=&#8221;off&#8221; use_overlay=&#8221;off&#8221; animation=&#8221;off&#8221; use_border_color=&#8221;off&#8221; border_color=&#8221;#ffffff&#8221; border_style=&#8221;solid&#8221; alt=&#8221;Martin Bl\u00e4ttler &#8211; Outdoor Shoot&#8221; title_text=&#8221;Martin Bl\u00e4ttler &#8211; Outdoor Shoot&#8221;] [\/et_pb_fullwidth_image][\/et_pb_section][et_pb_section admin_label=&#8221;Section&#8221; fullwidth=&#8221;off&#8221; specialty=&#8221;off&#8221; transparent_background=&#8221;off&#8221; background_color=&#8221;#f9f9f9&#8243; allow_player_pause=&#8221;off&#8221; inner_shadow=&#8221;off&#8221; parallax=&#8221;off&#8221; parallax_method=&#8221;off&#8221; padding_mobile=&#8221;on&#8221; make_fullwidth=&#8221;off&#8221; use_custom_width=&#8221;off&#8221; width_unit=&#8221;on&#8221; make_equal=&#8221;off&#8221; use_custom_gutter=&#8221;off&#8221; custom_padding=&#8221;0px||0px|&#8221;][et_pb_row admin_label=&#8221;Row&#8221; make_fullwidth=&#8221;on&#8221; use_custom_width=&#8221;off&#8221; width_unit=&#8221;on&#8221; use_custom_gutter=&#8221;on&#8221; padding_mobile=&#8221;on&#8221; allow_player_pause=&#8221;off&#8221; parallax=&#8221;off&#8221; parallax_method=&#8221;off&#8221; make_equal=&#8221;on&#8221; parallax_1=&#8221;off&#8221; parallax_method_1=&#8221;off&#8221; parallax_2=&#8221;off&#8221; parallax_method_2=&#8221;off&#8221; background_color_2=&#8221;#ffffff&#8221; column_padding_mobile=&#8221;on&#8221; gutter_width=&#8221;1&#8243; custom_padding=&#8221;0px||0px|&#8221;][et_pb_column type=&#8221;1_2&#8243;][et_pb_image admin_label=&#8221;Image&#8221; src=&#8221;https:\/\/gymperformance.ch\/wp-content\/uploads\/2017\/10\/GymPerformance_Photoshoot_2017.png&#8221; show_in_lightbox=&#8221;on&#8221; url_new_window=&#8221;off&#8221; use_overlay=&#8221;on&#8221; animation=&#8221;off&#8221; sticky=&#8221;off&#8221; align=&#8221;center&#8221; force_fullwidth=&#8221;on&#8221; always_center_on_mobile=&#8221;on&#8221; use_border_color=&#8221;off&#8221; border_color=&#8221;#ffffff&#8221; border_style=&#8221;solid&#8221; hover_overlay_color=&#8221;rgba(39,108,242,0.78)&#8221; overlay_icon_color=&#8221;#ffffff&#8221; alt=&#8221;Photoshoot 2017: Fitness meets Business&#8221; title_text=&#8221;Photoshoot 2017: Fitness meets Business&#8221;] [\/et_pb_image][\/et_pb_column][et_pb_column type=&#8221;1_2&#8243;][et_pb_image admin_label=&#8221;Image&#8221; src=&#8221;https:\/\/gymperformance.ch\/wp-content\/uploads\/2017\/10\/GymPerformance_Posing_2016.png&#8221; show_in_lightbox=&#8221;on&#8221; url_new_window=&#8221;off&#8221; use_overlay=&#8221;on&#8221; animation=&#8221;off&#8221; sticky=&#8221;off&#8221; align=&#8221;center&#8221; force_fullwidth=&#8221;on&#8221; always_center_on_mobile=&#8221;on&#8221; use_border_color=&#8221;off&#8221; border_color=&#8221;#ffffff&#8221; border_style=&#8221;solid&#8221; hover_overlay_color=&#8221;rgba(39,108,242,0.78)&#8221; overlay_icon_color=&#8221;#ffffff&#8221; alt=&#8221;Photoshoot 2015&#8243; title_text=&#8221;Outdoor Workout 2015&#8243;] [\/et_pb_image][\/et_pb_column][\/et_pb_row][et_pb_row admin_label=&#8221;Row&#8221; make_fullwidth=&#8221;on&#8221; use_custom_width=&#8221;off&#8221; width_unit=&#8221;on&#8221; use_custom_gutter=&#8221;on&#8221; padding_mobile=&#8221;on&#8221; allow_player_pause=&#8221;off&#8221; parallax=&#8221;off&#8221; parallax_method=&#8221;off&#8221; make_equal=&#8221;on&#8221; parallax_1=&#8221;off&#8221; parallax_method_1=&#8221;off&#8221; parallax_2=&#8221;off&#8221; parallax_method_2=&#8221;off&#8221; background_color_2=&#8221;#ffffff&#8221; column_padding_mobile=&#8221;on&#8221; gutter_width=&#8221;1&#8243; custom_padding=&#8221;0px||0px|&#8221;][et_pb_column type=&#8221;1_2&#8243;][et_pb_image admin_label=&#8221;Image&#8221; src=&#8221;https:\/\/gymperformance.ch\/wp-content\/uploads\/2017\/10\/GymPerformance_Handstand_Thailand2016.png&#8221; show_in_lightbox=&#8221;on&#8221; url_new_window=&#8221;off&#8221; use_overlay=&#8221;on&#8221; animation=&#8221;off&#8221; sticky=&#8221;off&#8221; align=&#8221;center&#8221; force_fullwidth=&#8221;on&#8221; always_center_on_mobile=&#8221;on&#8221; use_border_color=&#8221;off&#8221; border_color=&#8221;#ffffff&#8221; border_style=&#8221;solid&#8221; hover_overlay_color=&#8221;rgba(39,108,242,0.78)&#8221; overlay_icon_color=&#8221;#ffffff&#8221; alt=&#8221;Handstand at the pool&#8221; title_text=&#8221;Vacation in Bangkok, 2016&#8243;] [\/et_pb_image][\/et_pb_column][et_pb_column type=&#8221;1_2&#8243;][et_pb_image admin_label=&#8221;Image&#8221; src=&#8221;https:\/\/gymperformance.ch\/wp-content\/uploads\/2017\/10\/GymPerformance_Beach_Bali2017.png&#8221; show_in_lightbox=&#8221;on&#8221; url_new_window=&#8221;off&#8221; use_overlay=&#8221;on&#8221; animation=&#8221;off&#8221; sticky=&#8221;off&#8221; align=&#8221;center&#8221; force_fullwidth=&#8221;on&#8221; always_center_on_mobile=&#8221;on&#8221; use_border_color=&#8221;off&#8221; border_color=&#8221;#ffffff&#8221; border_style=&#8221;solid&#8221; hover_overlay_color=&#8221;rgba(39,108,242,0.78)&#8221; overlay_icon_color=&#8221;#ffffff&#8221; alt=&#8221;Beach Body&#8221; title_text=&#8221;Bali 2017&#8243;] [\/et_pb_image][\/et_pb_column][\/et_pb_row][\/et_pb_section][et_pb_section admin_label=&#8221;Section&#8221; fullwidth=&#8221;on&#8221; specialty=&#8221;off&#8221; transparent_background=&#8221;off&#8221; allow_player_pause=&#8221;off&#8221; inner_shadow=&#8221;off&#8221; parallax=&#8221;off&#8221; parallax_method=&#8221;off&#8221; custom_padding=&#8221;0px||0px|&#8221; padding_mobile=&#8221;on&#8221; make_fullwidth=&#8221;off&#8221; use_custom_width=&#8221;off&#8221; width_unit=&#8221;on&#8221; make_equal=&#8221;off&#8221; use_custom_gutter=&#8221;off&#8221;][et_pb_fullwidth_image admin_label=&#8221;Fullwidth Image&#8221; src=&#8221;https:\/\/gymperformance.ch\/wp-content\/uploads\/2017\/10\/GymPerformance_Baywatch_Split2017.png&#8221; show_in_lightbox=&#8221;off&#8221; url_new_window=&#8221;off&#8221; use_overlay=&#8221;off&#8221; animation=&#8221;off&#8221; use_border_color=&#8221;off&#8221; border_color=&#8221;#ffffff&#8221; border_style=&#8221;solid&#8221; alt=&#8221;Martin Bl\u00e4ttler enjoys the sun in Split, Croatia.&#8221; title_text=&#8221;Split, 2017&#8243;] [\/et_pb_fullwidth_image][\/et_pb_section]<\/p>\n<span class=\"et_bloom_bottom_trigger\"><\/span>","protected":false},"excerpt":{"rendered":"","protected":false},"author":1,"featured_media":13407,"parent":0,"menu_order":0,"comment_status":"closed","ping_status":"closed","template":"","meta":{"_et_pb_use_builder":"on","_et_pb_old_content":"","_et_gb_content_width":"","footnotes":""},"yoast_head":"<!-- This site is optimized with the Yoast SEO plugin v24.5 - https:\/\/yoast.com\/wordpress\/plugins\/seo\/ -->\n<title>Gym Performance Photo Gallery<\/title>\n<meta name=\"description\" content=\"The Gym Performance photo gallery contains pictures from photoshoots, as well as from training sessions of recent years.\" \/>\n<meta name=\"robots\" content=\"index, follow, max-snippet:-1, max-image-preview:large, max-video-preview:-1\" \/>\n<link rel=\"canonical\" href=\"https:\/\/gymperformance.ch\/fotogalerie\/\" \/>\n<meta property=\"og:locale\" content=\"en_US\" \/>\n<meta property=\"og:type\" content=\"article\" \/>\n<meta property=\"og:title\" content=\"Gym Performance Photo Gallery\" \/>\n<meta property=\"og:description\" content=\"The Gym Performance photo gallery contains pictures from photoshoots, as well as from training sessions of recent years.\" \/>\n<meta property=\"og:url\" content=\"https:\/\/gymperformance.ch\/fotogalerie\/\" \/>\n<meta property=\"og:site_name\" content=\"GymPerformance\" \/>\n<meta property=\"article:publisher\" content=\"https:\/\/www.facebook.com\/GymPerf\/\" \/>\n<meta property=\"article:modified_time\" content=\"2017-10-18T09:19:39+00:00\" \/>\n<meta property=\"og:image\" content=\"https:\/\/gymperformance.ch\/wp-content\/uploads\/2022\/11\/GymPerformance-Fitness-fur-Entrepreneurs-und-Vater-Copy.png\" \/>\n\t<meta property=\"og:image:width\" content=\"1000\" \/>\n\t<meta property=\"og:image:height\" content=\"1000\" \/>\n\t<meta property=\"og:image:type\" content=\"image\/png\" \/>\n<meta name=\"twitter:label1\" content=\"Est. reading time\" \/>\n\t<meta name=\"twitter:data1\" content=\"8 minutes\" \/>\n<script type=\"application\/ld+json\" class=\"yoast-schema-graph\">{\"@context\":\"https:\/\/schema.org\",\"@graph\":[{\"@type\":\"WebPage\",\"@id\":\"https:\/\/gymperformance.ch\/en\/photogallery\/\",\"url\":\"https:\/\/gymperformance.ch\/fotogalerie\/\",\"name\":\"Gym Performance Photo Gallery\",\"isPartOf\":{\"@id\":\"https:\/\/gymperformance.ch\/#website\"},\"primaryImageOfPage\":{\"@id\":\"https:\/\/gymperformance.ch\/fotogalerie\/#primaryimage\"},\"image\":{\"@id\":\"https:\/\/gymperformance.ch\/fotogalerie\/#primaryimage\"},\"thumbnailUrl\":\"https:\/\/gymperformance.ch\/wp-content\/uploads\/2017\/10\/GymPerformance_Business_Shoot2017.png\",\"datePublished\":\"2017-10-08T11:06:48+00:00\",\"dateModified\":\"2017-10-18T09:19:39+00:00\",\"description\":\"The Gym Performance photo gallery contains pictures from photoshoots, as well as from training sessions of recent years.\",\"breadcrumb\":{\"@id\":\"https:\/\/gymperformance.ch\/fotogalerie\/#breadcrumb\"},\"inLanguage\":\"en-US\",\"potentialAction\":[{\"@type\":\"ReadAction\",\"target\":[\"https:\/\/gymperformance.ch\/fotogalerie\/\"]}]},{\"@type\":\"ImageObject\",\"inLanguage\":\"en-US\",\"@id\":\"https:\/\/gymperformance.ch\/fotogalerie\/#primaryimage\",\"url\":\"https:\/\/gymperformance.ch\/wp-content\/uploads\/2017\/10\/GymPerformance_Business_Shoot2017.png\",\"contentUrl\":\"https:\/\/gymperformance.ch\/wp-content\/uploads\/2017\/10\/GymPerformance_Business_Shoot2017.png\",\"width\":1800,\"height\":1200,\"caption\":\"Gym Performance Business Shoot2017\"},{\"@type\":\"BreadcrumbList\",\"@id\":\"https:\/\/gymperformance.ch\/fotogalerie\/#breadcrumb\",\"itemListElement\":[{\"@type\":\"ListItem\",\"position\":1,\"name\":\"Home\",\"item\":\"https:\/\/gymperformance.ch\/en\/entrepreneur\/\"},{\"@type\":\"ListItem\",\"position\":2,\"name\":\"Photo Gallery\"}]},{\"@type\":\"WebSite\",\"@id\":\"https:\/\/gymperformance.ch\/#website\",\"url\":\"https:\/\/gymperformance.ch\/\",\"name\":\"GymPerformance\",\"description\":\"| Online Fitness f\u00fcr F\u00fchrungskr\u00e4fte und V\u00e4ter\",\"publisher\":{\"@id\":\"https:\/\/gymperformance.ch\/#organization\"},\"alternateName\":\"Fitness f\u00fcr Unternehmer und vielbesch\u00e4ftigte V\u00e4ter\",\"potentialAction\":[{\"@type\":\"SearchAction\",\"target\":{\"@type\":\"EntryPoint\",\"urlTemplate\":\"https:\/\/gymperformance.ch\/?s={search_term_string}\"},\"query-input\":{\"@type\":\"PropertyValueSpecification\",\"valueRequired\":true,\"valueName\":\"search_term_string\"}}],\"inLanguage\":\"en-US\"},{\"@type\":\"Organization\",\"@id\":\"https:\/\/gymperformance.ch\/#organization\",\"name\":\"GymPerformance\",\"alternateName\":\"Martin Bl\u00e4ttler\",\"url\":\"https:\/\/gymperformance.ch\/\",\"logo\":{\"@type\":\"ImageObject\",\"inLanguage\":\"en-US\",\"@id\":\"https:\/\/gymperformance.ch\/#\/schema\/logo\/image\/\",\"url\":\"https:\/\/gymperformance.ch\/wp-content\/uploads\/2022\/02\/GYM_PERFORMANCE_LOGO_BLACK.png\",\"contentUrl\":\"https:\/\/gymperformance.ch\/wp-content\/uploads\/2022\/02\/GYM_PERFORMANCE_LOGO_BLACK.png\",\"width\":1770,\"height\":299,\"caption\":\"GymPerformance\"},\"image\":{\"@id\":\"https:\/\/gymperformance.ch\/#\/schema\/logo\/image\/\"},\"sameAs\":[\"https:\/\/www.facebook.com\/GymPerf\/\",\"https:\/\/x.com\/blaettlermartin\",\"https:\/\/www.instagram.com\/gymperformance\/\",\"https:\/\/www.linkedin.com\/in\/martinblaettler\/\",\"https:\/\/www.pinterest.com\/blaettlermartin\/\",\"https:\/\/twitter.com\/blaettlermartin\",\"https:\/\/www.youtube.com\/@GymPerformance\/\"]}]}<\/script>\n<!-- \/ Yoast SEO plugin. -->","yoast_head_json":{"title":"Gym Performance Photo Gallery","description":"The Gym Performance photo gallery contains pictures from photoshoots, as well as from training sessions of recent years.","robots":{"index":"index","follow":"follow","max-snippet":"max-snippet:-1","max-image-preview":"max-image-preview:large","max-video-preview":"max-video-preview:-1"},"canonical":"https:\/\/gymperformance.ch\/fotogalerie\/","og_locale":"en_US","og_type":"article","og_title":"Gym Performance Photo Gallery","og_description":"The Gym Performance photo gallery contains pictures from photoshoots, as well as from training sessions of recent years.","og_url":"https:\/\/gymperformance.ch\/fotogalerie\/","og_site_name":"GymPerformance","article_publisher":"https:\/\/www.facebook.com\/GymPerf\/","article_modified_time":"2017-10-18T09:19:39+00:00","og_image":[{"width":1000,"height":1000,"url":"https:\/\/gymperformance.ch\/wp-content\/uploads\/2022\/11\/GymPerformance-Fitness-fur-Entrepreneurs-und-Vater-Copy.png","type":"image\/png"}],"twitter_misc":{"Est. reading time":"8 minutes"},"schema":{"@context":"https:\/\/schema.org","@graph":[{"@type":"WebPage","@id":"https:\/\/gymperformance.ch\/en\/photogallery\/","url":"https:\/\/gymperformance.ch\/fotogalerie\/","name":"Gym Performance Photo Gallery","isPartOf":{"@id":"https:\/\/gymperformance.ch\/#website"},"primaryImageOfPage":{"@id":"https:\/\/gymperformance.ch\/fotogalerie\/#primaryimage"},"image":{"@id":"https:\/\/gymperformance.ch\/fotogalerie\/#primaryimage"},"thumbnailUrl":"https:\/\/gymperformance.ch\/wp-content\/uploads\/2017\/10\/GymPerformance_Business_Shoot2017.png","datePublished":"2017-10-08T11:06:48+00:00","dateModified":"2017-10-18T09:19:39+00:00","description":"The Gym Performance photo gallery contains pictures from photoshoots, as well as from training sessions of recent years.","breadcrumb":{"@id":"https:\/\/gymperformance.ch\/fotogalerie\/#breadcrumb"},"inLanguage":"en-US","potentialAction":[{"@type":"ReadAction","target":["https:\/\/gymperformance.ch\/fotogalerie\/"]}]},{"@type":"ImageObject","inLanguage":"en-US","@id":"https:\/\/gymperformance.ch\/fotogalerie\/#primaryimage","url":"https:\/\/gymperformance.ch\/wp-content\/uploads\/2017\/10\/GymPerformance_Business_Shoot2017.png","contentUrl":"https:\/\/gymperformance.ch\/wp-content\/uploads\/2017\/10\/GymPerformance_Business_Shoot2017.png","width":1800,"height":1200,"caption":"Gym Performance Business Shoot2017"},{"@type":"BreadcrumbList","@id":"https:\/\/gymperformance.ch\/fotogalerie\/#breadcrumb","itemListElement":[{"@type":"ListItem","position":1,"name":"Home","item":"https:\/\/gymperformance.ch\/en\/entrepreneur\/"},{"@type":"ListItem","position":2,"name":"Photo Gallery"}]},{"@type":"WebSite","@id":"https:\/\/gymperformance.ch\/#website","url":"https:\/\/gymperformance.ch\/","name":"GymPerformance","description":"| Online Fitness f\u00fcr F\u00fchrungskr\u00e4fte und V\u00e4ter","publisher":{"@id":"https:\/\/gymperformance.ch\/#organization"},"alternateName":"Fitness f\u00fcr Unternehmer und vielbesch\u00e4ftigte V\u00e4ter","potentialAction":[{"@type":"SearchAction","target":{"@type":"EntryPoint","urlTemplate":"https:\/\/gymperformance.ch\/?s={search_term_string}"},"query-input":{"@type":"PropertyValueSpecification","valueRequired":true,"valueName":"search_term_string"}}],"inLanguage":"en-US"},{"@type":"Organization","@id":"https:\/\/gymperformance.ch\/#organization","name":"GymPerformance","alternateName":"Martin Bl\u00e4ttler","url":"https:\/\/gymperformance.ch\/","logo":{"@type":"ImageObject","inLanguage":"en-US","@id":"https:\/\/gymperformance.ch\/#\/schema\/logo\/image\/","url":"https:\/\/gymperformance.ch\/wp-content\/uploads\/2022\/02\/GYM_PERFORMANCE_LOGO_BLACK.png","contentUrl":"https:\/\/gymperformance.ch\/wp-content\/uploads\/2022\/02\/GYM_PERFORMANCE_LOGO_BLACK.png","width":1770,"height":299,"caption":"GymPerformance"},"image":{"@id":"https:\/\/gymperformance.ch\/#\/schema\/logo\/image\/"},"sameAs":["https:\/\/www.facebook.com\/GymPerf\/","https:\/\/x.com\/blaettlermartin","https:\/\/www.instagram.com\/gymperformance\/","https:\/\/www.linkedin.com\/in\/martinblaettler\/","https:\/\/www.pinterest.com\/blaettlermartin\/","https:\/\/twitter.com\/blaettlermartin","https:\/\/www.youtube.com\/@GymPerformance\/"]}]}},"_links":{"self":[{"href":"https:\/\/gymperformance.ch\/en\/wp-json\/wp\/v2\/pages\/12674"}],"collection":[{"href":"https:\/\/gymperformance.ch\/en\/wp-json\/wp\/v2\/pages"}],"about":[{"href":"https:\/\/gymperformance.ch\/en\/wp-json\/wp\/v2\/types\/page"}],"author":[{"embeddable":true,"href":"https:\/\/gymperformance.ch\/en\/wp-json\/wp\/v2\/users\/1"}],"replies":[{"embeddable":true,"href":"https:\/\/gymperformance.ch\/en\/wp-json\/wp\/v2\/comments?post=12674"}],"version-history":[{"count":0,"href":"https:\/\/gymperformance.ch\/en\/wp-json\/wp\/v2\/pages\/12674\/revisions"}],"wp:featuredmedia":[{"embeddable":true,"href":"https:\/\/gymperformance.ch\/en\/wp-json\/wp\/v2\/media\/13407"}],"wp:attachment":[{"href":"https:\/\/gymperformance.ch\/en\/wp-json\/wp\/v2\/media?parent=12674"}],"curies":[{"name":"wp","href":"https:\/\/api.w.org\/{rel}","templated":true}]}}